{"id":61453,"date":"2024-03-28T14:42:22","date_gmt":"2024-03-28T18:42:22","guid":{"rendered":"https:\/\/www.uqar.ca\/?page_id=61453"},"modified":"2025-03-26T13:49:25","modified_gmt":"2025-03-26T17:49:25","slug":"the-institut-des-sciences-de-la-mer-of-the-universite-du-quebec-a-rimouski-ismer-uqar","status":"publish","type":"page","link":"https:\/\/www.uqar.ca\/en\/the-institut-des-sciences-de-la-mer-of-the-universite-du-quebec-a-rimouski-ismer-uqar\/","title":{"rendered":"The Institut des sciences de la mer of the Universit\u00e9 du Qu\u00e9bec \u00e0 Rimouski (ISMER-UQAR)"},"content":{"rendered":"\n<section class=\"wp-block-stereo-section-bloc has-u-theme-2-background-color has-background section-block-small\"><div class=\"wp-block-stereo-section__container\"><div class=\"wp-block-stereo-section__col is-layout-flow wp-block-stereo-section-bloc-is-layout-flow\">\n<div class=\"wp-block-group is-layout-constrained wp-block-group-is-layout-constrained\">\n<h4 class=\"wp-block-heading\">The Institut des sciences de la mer of the Universit\u00e9 du Qu\u00e9bec \u00e0 Rimouski (ISMER-UQAR) comprises a critical mass of researchers and students from diverse disciplinary backgrounds. These specialists are dedicated to discovering and advancing knowledge concerning marine and coastal environments within a perspective of sustainable development.<\/h4>\n<\/div>\n<\/div><\/div><\/section>\n\n\n\n<section class=\"wp-block-stereo-section-bloc has-u-theme-2-background-color has-background section-block-normal\"><div class=\"wp-block-stereo-section__container\"><div class=\"wp-block-stereo-section__col is-layout-flow wp-block-stereo-section-bloc-is-layout-flow\">\n<div class=\"wp-block-group is-layout-constrained wp-block-group-is-layout-constrained\">\n\n    \n\n                         \n                        <div class=\"o-section-title o-bordered-title\" >\n                            <div class=\"o-section-title__title__wrapper\">\n                                                                                                    <div class=\"o-section-title__title o-text\">\n                                                                                    <a href=\"https:\/\/www.uqar.ca\/en\/categories\/uncategorized\/\" >\n                                                                                        <h4>ISMER News<\/h4>\n                                                                                                                                                            <span class=\"sr-only\">Redirection vers l&#8217;url : https:\/\/www.uqar.ca\/en\/categories\/uncategorized\/<\/span>                                                                                                                                                                                        <\/a>\n                                                                            <\/div>\n                                                            <\/div>\n                                                            <div class=\"o-section-title__btn\">\n                                    <a    class=\"o-button   -smaller\"\n            href=\"https:\/\/www.uqar.ca\/en\/categories\/uncategorized\/\"                    type=\"term\"    >\n    <span class=\"o-button__text\">All Articles <\/span>                        <span class=\"sr-only\">Redirection vers l&#8217;url : https:\/\/www.uqar.ca\/en\/categories\/uncategorized\/<\/span>                        <span class=\"o-button__icon\">\n            \t<svg aria-hidden=\"true\" focusable=\"false\" class=\"o-ico o-button__icon\">\n\t\t<use xlink:href=\"https:\/\/www.uqar.ca\/app\/themes\/baserock\/assets\/img\/sprite.svg?v=656c1ebaabe48619be#arrow-full-right\"><\/use>\n\t<\/svg>\n\t        <\/span>\n    <\/a>                                <\/div> \n                             \n                        <\/div>\n                    \n    \n<\/div>\n<\/div><\/div><\/section>\n\n\n\n<section class=\"wp-block-stereo-section-bloc has-u-theme-2-background-color has-background section-block-normal\"><div class=\"wp-block-stereo-section__container\"><div class=\"wp-block-stereo-section__col is-layout-flow wp-block-stereo-section-bloc-is-layout-flow\">\n<div class=\"wp-block-group is-layout-constrained wp-block-group-is-layout-constrained\">\n\n\n    <div class=\"o-block-stereo\">\n                         \n                        <div class=\"o-section-title o-bordered-title\" >\n                            <div class=\"o-section-title__title__wrapper\">\n                                                                                                    <div class=\"o-section-title__title o-text\">\n                                                                                    <a href=\"https:\/\/www.uqar.ca\/institut-des-sciences-de-la-mer-ismer\/a-propos\/videos\/\" >\n                                                                                        <h4>Videos<\/h4>\n                                                                                                                                                            <span class=\"sr-only\">Redirection vers la page : Vid\u00e9os<\/span>                                                                                                                                                                                        <\/a>\n                                                                            <\/div>\n                                                            <\/div>\n                                                            <div class=\"o-section-title__btn\">\n                                    <a    class=\"o-button   -button-small-circle\"\n            href=\"https:\/\/www.uqar.ca\/institut-des-sciences-de-la-mer-ismer\/a-propos\/videos\/\"                    type=\"post\"    aria-label=\"Redirection vers la page : Vid\u00e9os\">\n                    <span class=\"o-button__icon\">\n            \t<svg aria-hidden=\"true\" focusable=\"false\" class=\"o-ico o-button__icon\">\n\t\t<use xlink:href=\"https:\/\/www.uqar.ca\/app\/themes\/baserock\/assets\/img\/sprite.svg?v=656c1ebaabe48619be#arrow-full-right\"><\/use>\n\t<\/svg>\n\t        <\/span>\n    <\/a>                                <\/div> \n                             \n                        <\/div>\n                        <\/div>\n\n\n<div class=\"o-section-gutenberg\">\n<div class=\"wp-block-columns is-layout-flex wp-container-core-columns-is-layout-28f84493 wp-block-columns-is-layout-flex\">\n<div class=\"wp-block-column is-layout-flow wp-block-column-is-layout-flow\">\n<div\r\n  style=\"position: relative; display: block; max-width: 960px;\">\r\n  <div\r\n    style=\"padding-top: 56.25%;\">\r\n    <iframe\r\n      src=\"https:\/\/players.brightcove.net\/5975371595001\/default_default\/index.html?videoId=1824046423970098132\"\r\n      allowfullscreen=\"\"\r\n      allow=\"encrypted-media\"\r\n      style=\"position: absolute; top: 0px; right: 0px; bottom: 0px; left: 0px; width: 100%; height: 100%;\"><\/iframe>\r\n  <\/div>\r\n<\/div>\n\n\n\n<h3 class=\"wp-block-heading\"><strong>Le Saint-Laurent, r\u00e9el capharna\u00fcm<\/strong><\/h3>\n\n\n\n<p>Le paysage sonore du fleuve Saint-Laurent, essentiel aux esp\u00e8ces marines, est perturb\u00e9 par le bruit des navires et des activit\u00e9s humaines. Cette pollution menace la communication vitale \u00e0 leur survie entre les m\u00e8res b\u00e9lugas et leurs petits.<\/p>\n\n\n\n<p>Le projet MARS analyse les sons sous-marins afin de proposer des solutions et r\u00e9tablir l\u2019\u00e9quilibre acoustique, une qu\u00eate qui repr\u00e9sente un d\u00e9fi pour la pr\u00e9servation de cet \u00e9cosyst\u00e8me fragile.<\/p>\n<\/div>\n\n\n\n<div class=\"wp-block-column is-layout-flow wp-block-column-is-layout-flow\">    <div class=\"o-video__wrapper u-border-radius\">\n                                                <lite-youtube data-module=\"VideoPlayer\" posterquality=\"maxresdefault\" class=\"o-video-placeholder u-border-radius\"  customcss=\"\n    #frame:hover #playButton{\n        background:#0066f5; \n        opacity:1;\n    } \n    #playButton{ \n        opacity:0.8; \n        width:80px; \n        height:80px; \n        background:#0066f5; \n        border-radius:50% !important; \n        transition: 0.3s linear;\n    }\n        #frame::before {\n        display: none;\n    }\n    \" videoid=\"IUf1JW0Ba7U\" params=\"rel=0\"><\/lite-youtube>\n        \n            <\/div>\n\n\n\n<h3 class=\"wp-block-heading\"><strong>The Institut des sciences de la mer of UQAR<\/strong><\/h3>\n\n\n\n<p>ISMER-UQAR was featured on the television program &#8220;\u00c0 vos affaires,&#8221; hosted by Pierre-Olivier Zappa on LCN and with reporting a report by journalist Martin Blanchet from the TVA Est-du-Qu\u00e9bec station.<\/p>\n<\/div>\n\n\n\n<div class=\"wp-block-column is-layout-flow wp-block-column-is-layout-flow\">    <div class=\"o-video__wrapper u-border-radius\">\n                                                <lite-youtube data-module=\"VideoPlayer\" posterquality=\"maxresdefault\" class=\"o-video-placeholder u-border-radius\"  customcss=\"\n    #frame:hover #playButton{\n        background:#0066f5; \n        opacity:1;\n    } \n    #playButton{ \n        opacity:0.8; \n        width:80px; \n        height:80px; \n        background:#0066f5; \n        border-radius:50% !important; \n        transition: 0.3s linear;\n    }\n        #frame::before {\n        display: none;\n    }\n    \" videoid=\"Uar-W2cuGBc\" params=\"rel=0\"><\/lite-youtube>\n        \n            <\/div>\n\n\n\n<h3 class=\"wp-block-heading\">Passionate about the Sea?<\/h3>\n\n\n\n<p>The Institut des sciences de la mer of the Universit\u00e9 du Qu\u00e9bec \u00e0 Rimouski is the foremost French-language academic research institute of marine sciences in North America! ISMER-UQAR offers graduate programs in oceanography and brings together specialists studying a wide range of maritime issues. With its world-class infrastructure, ISMER provides an exceptional setting for studying marine environments.<\/p>\n<\/div>\n<\/div>\n<\/div><\/div>\n<\/div><\/div><\/section>\n\n\n\n<section class=\"wp-block-stereo-section-bloc has-u-theme-2-background-color has-background section-block-normal\"><div class=\"wp-block-stereo-section__container\"><div class=\"wp-block-stereo-section__col is-layout-flow wp-block-stereo-section-bloc-is-layout-flow\">\n<div class=\"wp-block-group is-layout-constrained wp-block-group-is-layout-constrained\">\n<div class=\"wp-block-media-text is-stacked-on-mobile\"><figure class=\"wp-block-media-text__media\"><img loading=\"lazy\" decoding=\"async\" width=\"720\" height=\"444\" src=\"https:\/\/www.uqar.ca\/app\/uploads\/2024\/05\/ismer-accueil-la-recherche.jpg\" alt=\"\" class=\"wp-image-32462 size-full\" srcset=\"https:\/\/www.uqar.ca\/app\/uploads\/2024\/05\/ismer-accueil-la-recherche.jpg 720w, https:\/\/www.uqar.ca\/app\/uploads\/2024\/05\/ismer-accueil-la-recherche-500x308.jpg 500w\" sizes=\"auto, (max-width: 720px) 100vw, 720px\" \/><\/figure><div class=\"wp-block-media-text__content\">\n<h3 class=\"wp-block-heading\">Research<\/h3>\n\n\n\n<p>ISMER-UQAR&#8217;s objectives align with major current issues, including the effects of climate change and modifications to the biodiversity of ecosystems caused by human activities.<\/p>\n\n\n\n    <div class=\"o-button__container\">\n                    <div class=\"o-button__item\">\n            <a    class=\"o-button   \"\n            href=\"https:\/\/www.uqar.ca\/institut-des-sciences-de-la-mer-ismer\/recherche\/\"                    type=\"post\"    >\n    <span class=\"o-button__text\">Learn more<\/span>                        <span class=\"sr-only\">Redirection vers la page : Recherche<\/span>                        <span class=\"o-button__icon\">\n            \t<svg aria-hidden=\"true\" focusable=\"false\" class=\"o-ico -icon-arrow-right\">\n\t\t<use xlink:href=\"https:\/\/www.uqar.ca\/app\/themes\/baserock\/assets\/img\/sprite.svg?v=656c1ebaabe48619be#arrow-full-right\"><\/use>\n\t<\/svg>\n\t        <\/span>\n    <\/a>            <\/div>\n            <\/div>\n<\/div><\/div>\n<\/div>\n<\/div><\/div><\/section>\n\n\n\n<section class=\"wp-block-stereo-section-bloc has-u-theme-2-background-color has-background section-block-normal\"><div class=\"wp-block-stereo-section__container\"><div class=\"wp-block-stereo-section__col is-layout-flow wp-block-stereo-section-bloc-is-layout-flow\">\n<div class=\"wp-block-group is-layout-constrained wp-block-group-is-layout-constrained\">\n<div class=\"wp-block-media-text has-media-on-the-right is-stacked-on-mobile\"><div class=\"wp-block-media-text__content\">\n<h3 class=\"wp-block-heading\">Training<\/h3>\n\n\n\n<p>The institute offers an ideal environment for students interested in pursuing graduate studies in oceanography.<\/p>\n\n\n\n    <div class=\"o-button__container\">\n                    <div class=\"o-button__item\">\n            <a    class=\"o-button   \"\n            href=\"https:\/\/www.uqar.ca\/institut-des-sciences-de-la-mer-ismer\/formation\/\"                    type=\"post\"    >\n    <span class=\"o-button__text\">Learn more<\/span>                        <span class=\"sr-only\">Redirection vers la page : Formation<\/span>                        <span class=\"o-button__icon\">\n            \t<svg aria-hidden=\"true\" focusable=\"false\" class=\"o-ico -icon-arrow-right\">\n\t\t<use xlink:href=\"https:\/\/www.uqar.ca\/app\/themes\/baserock\/assets\/img\/sprite.svg?v=656c1ebaabe48619be#arrow-full-right\"><\/use>\n\t<\/svg>\n\t        <\/span>\n    <\/a>            <\/div>\n            <\/div>\n<\/div><figure class=\"wp-block-media-text__media\"><img loading=\"lazy\" decoding=\"async\" width=\"720\" height=\"444\" src=\"https:\/\/www.uqar.ca\/app\/uploads\/2024\/05\/ismer-accueil-la-formation.jpg\" alt=\"\" class=\"wp-image-32467 size-full\" srcset=\"https:\/\/www.uqar.ca\/app\/uploads\/2024\/05\/ismer-accueil-la-formation.jpg 720w, https:\/\/www.uqar.ca\/app\/uploads\/2024\/05\/ismer-accueil-la-formation-500x308.jpg 500w\" sizes=\"auto, (max-width: 720px) 100vw, 720px\" \/><\/figure><\/div>\n<\/div>\n<\/div><\/div><\/section>\n\n\n\n<section class=\"wp-block-stereo-section-bloc has-u-theme-2-background-color has-background section-block-normal\"><div class=\"wp-block-stereo-section__container\"><div class=\"wp-block-stereo-section__col is-layout-flow wp-block-stereo-section-bloc-is-layout-flow\">\n<div class=\"wp-block-group is-layout-constrained wp-block-group-is-layout-constrained\">\n<div class=\"wp-block-media-text is-stacked-on-mobile\"><figure class=\"wp-block-media-text__media\"><img loading=\"lazy\" decoding=\"async\" width=\"720\" height=\"444\" src=\"https:\/\/www.uqar.ca\/app\/uploads\/2024\/05\/ismer-accueil-la-oeuvrer.jpg\" alt=\"\" class=\"wp-image-32465 size-full\" srcset=\"https:\/\/www.uqar.ca\/app\/uploads\/2024\/05\/ismer-accueil-la-oeuvrer.jpg 720w, https:\/\/www.uqar.ca\/app\/uploads\/2024\/05\/ismer-accueil-la-oeuvrer-500x308.jpg 500w\" sizes=\"auto, (max-width: 720px) 100vw, 720px\" \/><\/figure><div class=\"wp-block-media-text__content\">\n<h3 class=\"wp-block-heading\">Working at ISMER-UQAR<\/h3>\n\n\n\n<p>The Institut des sciences de la mer is constantly seeking talented professors, interns, students, and employees to participate in diverse and stimulating projects.<\/p>\n\n\n\n    <div class=\"o-button__container\">\n                    <div class=\"o-button__item\">\n            <a    class=\"o-button   \"\n            href=\"https:\/\/www.uqar.ca\/institut-des-sciences-de-la-mer-ismer\/offres\/\"                    type=\"post\"    >\n    <span class=\"o-button__text\">Learn more<\/span>                        <span class=\"sr-only\">Redirection vers la page : Offres<\/span>                        <span class=\"o-button__icon\">\n            \t<svg aria-hidden=\"true\" focusable=\"false\" class=\"o-ico -icon-arrow-right\">\n\t\t<use xlink:href=\"https:\/\/www.uqar.ca\/app\/themes\/baserock\/assets\/img\/sprite.svg?v=656c1ebaabe48619be#arrow-full-right\"><\/use>\n\t<\/svg>\n\t        <\/span>\n    <\/a>            <\/div>\n            <\/div>\n<\/div><\/div>\n<\/div>\n<\/div><\/div><\/section>\n\n\n\n<section class=\"wp-block-stereo-section-bloc has-u-theme-2-background-color has-background section-block-normal\"><div class=\"wp-block-stereo-section__container\"><div class=\"wp-block-stereo-section__col is-layout-flow wp-block-stereo-section-bloc-is-layout-flow\">\n<div class=\"wp-block-group is-layout-constrained wp-block-group-is-layout-constrained\">\n\t<div class=\"o-block-stereo o-block-stereo-events\">\n            \n\n                         \n                        <div class=\"o-section-title o-bordered-title\" >\n                            <div class=\"o-section-title__title__wrapper\">\n                                                                                                    <div class=\"o-section-title__title o-text\">\n                                                                                    <a href=\"https:\/\/www.uqar.ca\/en\/?categorie_evenement=ismer\" >\n                                                                                        <h4>Upcoming Events<\/h4>\n                                                                                                                                                            <span class=\"sr-only\">Redirection vers l&#8217;url : https:\/\/www.uqar.ca\/en\/?categorie_evenement=ismer<\/span>                                                                                                                                                                                        <\/a>\n                                                                            <\/div>\n                                                            <\/div>\n                                                            <div class=\"o-section-title__btn\">\n                                    <a    class=\"o-button   -smaller\"\n            href=\"https:\/\/www.uqar.ca\/en\/?categorie_evenement=ismer\"                    type=\"term\"    >\n    <span class=\"o-button__text\">See all events<\/span>                        <span class=\"sr-only\">Redirection vers l&#8217;url : https:\/\/www.uqar.ca\/en\/?categorie_evenement=ismer<\/span>                        <span class=\"o-button__icon\">\n            \t<svg aria-hidden=\"true\" focusable=\"false\" class=\"o-ico o-button__icon\">\n\t\t<use xlink:href=\"https:\/\/www.uqar.ca\/app\/themes\/baserock\/assets\/img\/sprite.svg?v=656c1ebaabe48619be#arrow-full-right\"><\/use>\n\t<\/svg>\n\t        <\/span>\n    <\/a>                                <\/div> \n                             \n                        <\/div>\n                        \n            \n\n\n    <div class=\"o-block-stereo-text\">\n        \n\n\n\n    \n        <div class=\"o-text \">\n\n            \n                \n                    <h4>No upcoming events at this time<\/h4>\n                \n            \n        <\/div>\n\n    \n    <\/div>\n    \n    <\/div><\/div>\n<\/div><\/div><\/section>\n","protected":false},"excerpt":{"rendered":"<p>The Institut des sciences de la mer of the Universit\u00e9 du Qu\u00e9bec \u00e0 Rimouski (ISMER-UQAR) comprises a critical mass of researchers and students from diverse disciplinary backgrounds. These specialists are dedicated to discovering and advancing knowledge concerning marine and coastal environments within a perspective of sustainable development. Le Saint-Laurent, r\u00e9el capharna\u00fcm Le paysage sonore du [&hellip;]<\/p>\n","protected":false},"author":123,"featured_media":0,"parent":0,"menu_order":0,"comment_status":"closed","ping_status":"closed","template":"t-microsite.php","meta":{"_acf_changed":false,"_relevanssi_hide_post":"","_relevanssi_hide_content":"","_relevanssi_pin_for_all":"","_relevanssi_pin_keywords":"","_relevanssi_unpin_keywords":"","_relevanssi_related_keywords":"","_relevanssi_related_include_ids":"","_relevanssi_related_exclude_ids":"","_relevanssi_related_no_append":"","_relevanssi_related_not_related":"","_relevanssi_related_posts":"4076,5294,46064,9478,8791,60025","_relevanssi_noindex_reason":"","footnotes":""},"class_list":["post-61453","page","type-page","status-publish","hentry"],"acf":[],"_links":{"self":[{"href":"https:\/\/www.uqar.ca\/en\/wp-json\/wp\/v2\/pages\/61453","targetHints":{"allow":["GET"]}}],"collection":[{"href":"https:\/\/www.uqar.ca\/en\/wp-json\/wp\/v2\/pages"}],"about":[{"href":"https:\/\/www.uqar.ca\/en\/wp-json\/wp\/v2\/types\/page"}],"author":[{"embeddable":true,"href":"https:\/\/www.uqar.ca\/en\/wp-json\/wp\/v2\/users\/123"}],"replies":[{"embeddable":true,"href":"https:\/\/www.uqar.ca\/en\/wp-json\/wp\/v2\/comments?post=61453"}],"version-history":[{"count":5,"href":"https:\/\/www.uqar.ca\/en\/wp-json\/wp\/v2\/pages\/61453\/revisions"}],"predecessor-version":[{"id":66193,"href":"https:\/\/www.uqar.ca\/en\/wp-json\/wp\/v2\/pages\/61453\/revisions\/66193"}],"wp:attachment":[{"href":"https:\/\/www.uqar.ca\/en\/wp-json\/wp\/v2\/media?parent=61453"}],"curies":[{"name":"wp","href":"https:\/\/api.w.org\/{rel}","templated":true}]}}