{"id":61718,"date":"2024-03-28T14:51:22","date_gmt":"2024-03-28T18:51:22","guid":{"rendered":"https:\/\/www.uqar.ca\/?page_id=61718"},"modified":"2025-01-27T09:00:24","modified_gmt":"2025-01-27T14:00:24","slug":"partners","status":"publish","type":"page","link":"https:\/\/www.uqar.ca\/en\/the-institut-des-sciences-de-la-mer-of-the-universite-du-quebec-a-rimouski-ismer-uqar\/about\/partners\/","title":{"rendered":"Partners"},"content":{"rendered":"\n<section class=\"wp-block-stereo-section-bloc has-u-theme-2-background-color has-background section-block-normal\"><div class=\"wp-block-stereo-section__container\"><div class=\"wp-block-stereo-section__col is-layout-flow wp-block-stereo-section-bloc-is-layout-flow\">\n            <section class=\"o-section-slider o-section-overflow-hidden o-section-mg-right\">\n                        <div class=\"c-slider__wrapper  \">\n                <!-- Slider main container -->\n                <div class=\"swiper c-slider  \" data-module=\"Slider\" data-type=\"ratio\">\n                    <!-- Additional required wrapper -->\n                    <div class=\"swiper-wrapper\">\n                        <!-- Slides -->\n                                                                                                                        <div class=\"swiper-slide\">\n    <span class=\"o-responsive-img__wrap\">\n        <span class=\"o-responsive-img  -image-rounded\" style=\"padding-top:49.473684210526%;\"><img fetchpriority=\"high\" decoding=\"async\" width=\"1920\" height=\"950\" src=\"https:\/\/www.uqar.ca\/app\/uploads\/2024\/05\/01-carrousel-a-propos-partanire.jpg\" class=\"-image-rounded\" alt=\"\" loading=\"eager\" sizes=\"(max-width: 600px) 100vw, 83.33vw\" srcset=\"https:\/\/www.uqar.ca\/app\/uploads\/2024\/05\/01-carrousel-a-propos-partanire.jpg 1920w, https:\/\/www.uqar.ca\/app\/uploads\/2024\/05\/01-carrousel-a-propos-partanire-1024x507.jpg 1024w, https:\/\/www.uqar.ca\/app\/uploads\/2024\/05\/01-carrousel-a-propos-partanire-500x247.jpg 500w, https:\/\/www.uqar.ca\/app\/uploads\/2024\/05\/01-carrousel-a-propos-partanire-768x380.jpg 768w, https:\/\/www.uqar.ca\/app\/uploads\/2024\/05\/01-carrousel-a-propos-partanire-1536x760.jpg 1536w\" \/><\/span>                    <\/span>\n        <\/div>                                                                                                                                <div class=\"swiper-slide\">\n    <span class=\"o-responsive-img__wrap\">\n        <span class=\"o-responsive-img  -image-rounded\" style=\"padding-top:49.473684210526%;\"><img decoding=\"async\" width=\"1164\" height=\"564\" src=\"https:\/\/www.uqar.ca\/app\/uploads\/2024\/05\/04-carrousel-a-propos-partanire.jpg\" class=\"-image-rounded\" alt=\"\" loading=\"eager\" sizes=\"(max-width: 600px) 100vw, 83.33vw\" srcset=\"https:\/\/www.uqar.ca\/app\/uploads\/2024\/05\/04-carrousel-a-propos-partanire.jpg 1164w, https:\/\/www.uqar.ca\/app\/uploads\/2024\/05\/04-carrousel-a-propos-partanire-1024x496.jpg 1024w, https:\/\/www.uqar.ca\/app\/uploads\/2024\/05\/04-carrousel-a-propos-partanire-500x242.jpg 500w, https:\/\/www.uqar.ca\/app\/uploads\/2024\/05\/04-carrousel-a-propos-partanire-768x372.jpg 768w\" \/><\/span>                    <\/span>\n        <\/div>                                                                                                                                <div class=\"swiper-slide\">\n    <span class=\"o-responsive-img__wrap\">\n        <span class=\"o-responsive-img  -image-rounded\" style=\"padding-top:49.473684210526%;\"><img decoding=\"async\" width=\"1920\" height=\"950\" src=\"https:\/\/www.uqar.ca\/app\/uploads\/2024\/05\/03-carrousel-a-propos-partanire.jpg\" class=\"-image-rounded\" alt=\"\" loading=\"eager\" sizes=\"(max-width: 600px) 100vw, 83.33vw\" srcset=\"https:\/\/www.uqar.ca\/app\/uploads\/2024\/05\/03-carrousel-a-propos-partanire.jpg 1920w, https:\/\/www.uqar.ca\/app\/uploads\/2024\/05\/03-carrousel-a-propos-partanire-1024x507.jpg 1024w, https:\/\/www.uqar.ca\/app\/uploads\/2024\/05\/03-carrousel-a-propos-partanire-500x247.jpg 500w, https:\/\/www.uqar.ca\/app\/uploads\/2024\/05\/03-carrousel-a-propos-partanire-768x380.jpg 768w, https:\/\/www.uqar.ca\/app\/uploads\/2024\/05\/03-carrousel-a-propos-partanire-1536x760.jpg 1536w\" \/><\/span>                    <\/span>\n        <\/div>                                                                                                        <\/div>\n\n                    <!-- If we need navigation buttons -->\n                    <div class=\"swiper-button-prev\">\n                        \t<svg aria-hidden=\"true\" focusable=\"false\" class=\"o-ico \">\n\t\t<use xlink:href=\"https:\/\/www.uqar.ca\/app\/themes\/baserock\/assets\/img\/sprite.svg?v=656c1ebaabe48619be#arrow-left\"><\/use>\n\t<\/svg>\n\t                    <\/div>\n                    <div class=\"swiper-button-next\">\n                        \t<svg aria-hidden=\"true\" focusable=\"false\" class=\"o-ico \">\n\t\t<use xlink:href=\"https:\/\/www.uqar.ca\/app\/themes\/baserock\/assets\/img\/sprite.svg?v=656c1ebaabe48619be#arrow-right\"><\/use>\n\t<\/svg>\n\t                    <\/div>\n                <\/div>\n            <\/div>\n                    <\/section>\n    <\/div><\/div><\/section>\n\n\n\n<section class=\"wp-block-stereo-section-bloc section-block-small\"><div class=\"wp-block-stereo-section__container\"><div class=\"wp-block-stereo-section__col is-layout-flow wp-block-stereo-section-bloc-is-layout-flow\">\n<div class=\"wp-block-group is-layout-constrained wp-block-group-is-layout-constrained\">\n<h4 class=\"wp-block-heading\">ISMER-UQAR is a key player in Quebec\u2019s maritime sector, being a founding partner of the Technopole maritime du Qu\u00e9bec, which strengthens the maritime economic fabric of Quebec. This leadership makes it a major driving force for positioning Quebec and Canada as international centres in the marine sciences.<\/h4>\n<\/div>\n\n\n\n<div class=\"wp-block-create-block-accordion-block\"><div class=\"c-accordion\" data-module=\"Accordion\" data-accordion-toggle=\"true\" data-accordion-scroll=\"true\" data-accordion-preopen=\"-1\">\n<div class=\"c-accordion__section\" data-accordion=\"wrap\"><button type=\"button\" aria-label=\"Ouvrir Collaborative Research Networks at the Provincial Level\" class=\"c-accordion__header\" data-accordion=\"trigger\"><span class=\"c-accordion__header__title\" id=\"collaborative-research-networks-at-the-provincial-level\"><span class=\"c-accordion__button\">Collaborative Research Networks at the Provincial Level<span class=\"c-accordion__header__icon\"><span class=\"o-button__icon\"><svg aria-hidden=\"true\" focusable=\"false\" class=\"o-ico -icon-arrow-down\"><use xlink:href=\"\/app\/themes\/baserock\/assets\/img\/sprite.svg?v=656c1ebaabe48619be#arrow-down\"><\/use><\/svg><\/span><\/span><\/span><\/span><\/button><div class=\"c-accordion__content\" role=\"region\" data-accordion=\"content\"><div class=\"c-accordion__inner\">\n<ul class=\"wp-block-list\">\n<li><a href=\"https:\/\/www.rqm.quebec\/\" data-type=\"link\" data-id=\"http:\/\/rqm.quebec\/fr\/accueil\/\" target=\"_blank\" rel=\"noreferrer noopener\">R\u00e9seau Qu\u00e9bec maritime (RQM)<\/a><\/li>\n\n\n\n<li><a href=\"http:\/\/www.ifqm.info\/\" target=\"_blank\" rel=\"noreferrer noopener\">Institut France-Qu\u00e9bec pour la coop\u00e9ration scientifique en appui au secteur maritime (IFQM)<\/a><\/li>\n\n\n\n<li><a href=\"https:\/\/tmq.ca\/\" target=\"_blank\" rel=\"noreferrer noopener\">Technopole maritime du Qu\u00e9bec (TMQ)<\/a><\/li>\n\n\n\n<li><a href=\"http:\/\/science.gc.ca\/eic\/site\/063.nsf\/fra\/h_97482.html\" target=\"_blank\" rel=\"noreferrer noopener\">Alliance de la recherche oc\u00e9anique au Canada (AROC)<\/a><\/li>\n\n\n\n<li><a href=\"https:\/\/ogsl.ca\/\" target=\"_blank\" rel=\"noreferrer noopener\">Observatoire global du Saint-Laurent (OGSL)<\/a><\/li>\n<\/ul>\n<\/div><\/div><\/div>\n\n\n\n<div class=\"c-accordion__section\" data-accordion=\"wrap\"><button type=\"button\" aria-label=\"Ouvrir Interuniversity Research Groups\" class=\"c-accordion__header\" data-accordion=\"trigger\"><span class=\"c-accordion__header__title\" id=\"interuniversity-research-groups\"><span class=\"c-accordion__button\">Interuniversity Research Groups<span class=\"c-accordion__header__icon\"><span class=\"o-button__icon\"><svg aria-hidden=\"true\" focusable=\"false\" class=\"o-ico -icon-arrow-down\"><use xlink:href=\"\/app\/themes\/baserock\/assets\/img\/sprite.svg?v=656c1ebaabe48619be#arrow-down\"><\/use><\/svg><\/span><\/span><\/span><\/span><\/button><div class=\"c-accordion__content\" role=\"region\" data-accordion=\"content\"><div class=\"c-accordion__inner\">\n<ul class=\"wp-block-list\">\n<li><a href=\"http:\/\/raq.uqar.ca\/\" data-type=\"link\" data-id=\"http:\/\/raq.uqar.ca\/\" target=\"_blank\" rel=\"noreferrer noopener\">R\u00e9seau&nbsp;Ressources Aquatiques Qu\u00e9bec (RAQ)<\/a><\/li>\n\n\n\n<li><a href=\"http:\/\/www.quebec-ocean.ulaval.ca\/\" target=\"_blank\" rel=\"noreferrer noopener\">Groupe interinstitutionnel de recherches oc\u00e9anographiques&nbsp;Qu\u00e9bec-Oc\u00e9an<\/a><\/li>\n\n\n\n<li><a href=\"https:\/\/www.geotop.ca\/fr\/\" target=\"_blank\" rel=\"noreferrer noopener\">R\u00e9seau interuniversitaire qu\u00e9b\u00e9cois de formation avanc\u00e9e et de recherche en sciences du globe (G\u00c9OTOP)<\/a><\/li>\n\n\n\n<li><a href=\"https:\/\/www.nce-rce.gc.ca\/NetworksCentres-CentresReseaux\/NCE-RCE\/ArcticNet_fra.asp\" target=\"_blank\" rel=\"noreferrer noopener\">ArcticNet, r\u00e9seau de centres d&#8217;excellence du Canada<\/a><\/li>\n\n\n\n<li><a href=\"https:\/\/meopar.ca\/\" target=\"_blank\" rel=\"noreferrer noopener\">Marine Environmental Observation, Prediction and Response Network (MEOPAR)<\/a><\/li>\n\n\n\n<li><a href=\"https:\/\/inrest.ca\/en\/environment\/chone-en\/\" target=\"_blank\" rel=\"noreferrer noopener\">Canadian Healthy Oceans Network (CHONe)<\/a><\/li>\n\n\n\n<li><a href=\"https:\/\/www.ouranos.ca\/\" target=\"_blank\" rel=\"noreferrer noopener\">Consortium en climatologie Ouranos<\/a><\/li>\n\n\n\n<li><a href=\"https:\/\/www.uarctic.org\/\" target=\"_blank\" rel=\"noreferrer noopener\">Universit\u00e9 de l&#8217;Arctique<\/a><\/li>\n\n\n\n<li><a href=\"https:\/\/archives.bape.gouv.qc.ca\/sections\/mandats\/LET-Lachenaie\/documents\/DM14-1.pdf\" target=\"_blank\" rel=\"noreferrer noopener\">Centre Interinstitutionnel de Recherche en \u00c9cotoxicologie du Qu\u00e9bec (CIR\u00c9)<\/a><\/li>\n\n\n\n<li><a href=\"http:\/\/www.scor-int.org\/\" target=\"_blank\" rel=\"noreferrer noopener\">Scientific Committee on Oceanic Research (SCOR)<\/a><\/li>\n\n\n\n<li><a href=\"http:\/\/reformar.ca\/\" target=\"_blank\" rel=\"noreferrer noopener\">Reformar, gestion de navires &amp; d&#8217;\u00e9quipements scientifiques<\/a><\/li>\n<\/ul>\n<\/div><\/div><\/div>\n\n\n\n<div class=\"c-accordion__section\" data-accordion=\"wrap\"><button type=\"button\" aria-label=\"Ouvrir Affiliated Research Centres or Partner Research Centres\" class=\"c-accordion__header\" data-accordion=\"trigger\"><span class=\"c-accordion__header__title\" id=\"affiliated-research-centres-or-partner-research-centres\"><span class=\"c-accordion__button\">Affiliated Research Centres or Partner Research Centres<span class=\"c-accordion__header__icon\"><span class=\"o-button__icon\"><svg aria-hidden=\"true\" focusable=\"false\" class=\"o-ico -icon-arrow-down\"><use xlink:href=\"\/app\/themes\/baserock\/assets\/img\/sprite.svg?v=656c1ebaabe48619be#arrow-down\"><\/use><\/svg><\/span><\/span><\/span><\/span><\/button><div class=\"c-accordion__content\" role=\"region\" data-accordion=\"content\"><div class=\"c-accordion__inner\">\n<ul class=\"wp-block-list\">\n<li><a href=\"https:\/\/www.cermim.ca\/\" target=\"_blank\" rel=\"noreferrer noopener\">Centre de recherche sur les milieux insulaires&nbsp;et maritimes (CERMIM)<\/a><\/li>\n\n\n\n<li><a href=\"http:\/\/www.cidco.ca\/\" target=\"_blank\" rel=\"noreferrer noopener\">Centre interdisciplinaire de d\u00e9veloppement&nbsp;en cartographie des oc\u00e9ans (CIDCO)<\/a><\/li>\n\n\n\n<li><a href=\"http:\/\/www.crbm-mbrc.com\/\" target=\"_blank\" rel=\"noreferrer noopener\">Centre de recherche en biotechnologie&nbsp;marine (CRBM)<\/a><\/li>\n\n\n\n<li><a href=\"https:\/\/www.innovationmaritime.ca\/\" target=\"_blank\" rel=\"noreferrer noopener\">Innovation maritime, Institut maritime du&nbsp;Qu\u00e9bec (IMQ)<\/a><\/li>\n\n\n\n<li><a href=\"https:\/\/merinov.ca\/\" target=\"_blank\" rel=\"noreferrer noopener\">Centre d\u2019innovation en p\u00eache et aquaculture&nbsp;du Qu\u00e9bec (MERINOV)<\/a><\/li>\n<\/ul>\n<\/div><\/div><\/div>\n\n\n\n<div class=\"c-accordion__section\" data-accordion=\"wrap\"><button type=\"button\" aria-label=\"Ouvrir Institutional or Governmental Partners\" class=\"c-accordion__header\" data-accordion=\"trigger\"><span class=\"c-accordion__header__title\" id=\"institutional-or-governmental-partners\"><span class=\"c-accordion__button\">Institutional or Governmental Partners<span class=\"c-accordion__header__icon\"><span class=\"o-button__icon\"><svg aria-hidden=\"true\" focusable=\"false\" class=\"o-ico -icon-arrow-down\"><use xlink:href=\"\/app\/themes\/baserock\/assets\/img\/sprite.svg?v=656c1ebaabe48619be#arrow-down\"><\/use><\/svg><\/span><\/span><\/span><\/span><\/button><div class=\"c-accordion__content\" role=\"region\" data-accordion=\"content\"><div class=\"c-accordion__inner\">\n<ul class=\"wp-block-list\">\n<li><a href=\"http:\/\/www.mapaq.gouv.qc.ca\/\" target=\"_blank\" rel=\"noreferrer noopener\">Minist\u00e8re de l\u2019Agriculture, des P\u00eacheries et de l\u2019Alimentation<\/a><\/li>\n\n\n\n<li><a href=\"https:\/\/www.economie.gouv.qc.ca\/accueil\/\" target=\"_blank\" rel=\"noreferrer noopener\">Minist\u00e8re de l&#8217;\u00c9conomie et de l&#8217;Innovation<\/a><\/li>\n\n\n\n<li><a href=\"https:\/\/www.securitepublique.gouv.qc.ca\/accueil.html\" target=\"_blank\" rel=\"noreferrer noopener\">Minist\u00e8re de la S\u00e9curit\u00e9 publique<\/a><\/li>\n\n\n\n<li><a href=\"https:\/\/www.transports.gouv.qc.ca\/fr\/Pages\/default.aspx\" target=\"_blank\" rel=\"noreferrer noopener\">Minist\u00e8re des Transports<\/a><\/li>\n\n\n\n<li><a href=\"http:\/\/www.dec-ced.gc.ca\/\" target=\"_blank\" rel=\"noreferrer noopener\">D\u00e9veloppement \u00e9conomique Canada<\/a><\/li>\n\n\n\n<li><a href=\"http:\/\/www.dfo-mpo.gc.ca\/\" target=\"_blank\" rel=\"noreferrer noopener\">P\u00eaches et Oc\u00e9ans Canada<\/a><\/li>\n<\/ul>\n<\/div><\/div><\/div>\n<\/div><\/div>\n<\/div><\/div><\/section>\n","protected":false},"excerpt":{"rendered":"<p>ISMER-UQAR is a key player in Quebec\u2019s maritime sector, being a founding partner of the Technopole maritime du Qu\u00e9bec, which strengthens the maritime economic fabric of Quebec. This leadership makes it a major driving force for positioning Quebec and Canada as international centres in the marine sciences.<\/p>\n","protected":false},"author":123,"featured_media":0,"parent":63061,"menu_order":1,"comment_status":"closed","ping_status":"closed","template":"t-microsite.php","meta":{"_acf_changed":false,"_relevanssi_hide_post":"","_relevanssi_hide_content":"","_relevanssi_pin_for_all":"","_relevanssi_pin_keywords":"","_relevanssi_unpin_keywords":"","_relevanssi_related_keywords":"","_relevanssi_related_include_ids":"","_relevanssi_related_exclude_ids":"","_relevanssi_related_no_append":"","_relevanssi_related_not_related":"","_relevanssi_related_posts":"6152,8620","_relevanssi_noindex_reason":"","footnotes":""},"class_list":["post-61718","page","type-page","status-publish","hentry"],"acf":[],"_links":{"self":[{"href":"https:\/\/www.uqar.ca\/en\/wp-json\/wp\/v2\/pages\/61718","targetHints":{"allow":["GET"]}}],"collection":[{"href":"https:\/\/www.uqar.ca\/en\/wp-json\/wp\/v2\/pages"}],"about":[{"href":"https:\/\/www.uqar.ca\/en\/wp-json\/wp\/v2\/types\/page"}],"author":[{"embeddable":true,"href":"https:\/\/www.uqar.ca\/en\/wp-json\/wp\/v2\/users\/123"}],"replies":[{"embeddable":true,"href":"https:\/\/www.uqar.ca\/en\/wp-json\/wp\/v2\/comments?post=61718"}],"version-history":[{"count":2,"href":"https:\/\/www.uqar.ca\/en\/wp-json\/wp\/v2\/pages\/61718\/revisions"}],"predecessor-version":[{"id":61720,"href":"https:\/\/www.uqar.ca\/en\/wp-json\/wp\/v2\/pages\/61718\/revisions\/61720"}],"up":[{"embeddable":true,"href":"https:\/\/www.uqar.ca\/en\/wp-json\/wp\/v2\/pages\/63061"}],"wp:attachment":[{"href":"https:\/\/www.uqar.ca\/en\/wp-json\/wp\/v2\/media?parent=61718"}],"curies":[{"name":"wp","href":"https:\/\/api.w.org\/{rel}","templated":true}]}}