{"id":61743,"date":"2024-05-29T13:06:07","date_gmt":"2024-05-29T17:06:07","guid":{"rendered":"https:\/\/www.uqar.ca\/?page_id=61743"},"modified":"2025-01-27T09:47:41","modified_gmt":"2025-01-27T14:47:41","slug":"chairs","status":"publish","type":"page","link":"https:\/\/www.uqar.ca\/en\/the-institut-des-sciences-de-la-mer-of-the-universite-du-quebec-a-rimouski-ismer-uqar\/research\/chairs\/","title":{"rendered":"Chairs"},"content":{"rendered":"\n<section class=\"wp-block-stereo-section-bloc has-u-theme-2-background-color has-background section-block-normal\"><div class=\"wp-block-stereo-section__container\"><div class=\"wp-block-stereo-section__col is-layout-flow wp-block-stereo-section-bloc-is-layout-flow\">\n<div class=\"wp-block-media-text has-media-on-the-right is-stacked-on-mobile is-vertically-aligned-center is-image-fill\"><div class=\"wp-block-media-text__content\">\n<h2 class=\"wp-block-heading\">Canada Research Chair in Marine Geology<\/h2>\n\n\n\n<p>The Canada Research Chair in Marine Geology examines the sea floor and sediments using advanced techniques.<\/p>\n\n\n\n    <div class=\"o-button__container\">\n                    <div class=\"o-button__item\">\n            <a    class=\"o-button   \"\n            href=\"https:\/\/www.uqar.ca\/recherche\/unites-de-recherche\/chaire-de-recherche-du-canada-en-geologie-marine\/\"                    type=\"post\"    >\n    <span class=\"o-button__text\">Learn more<\/span>                        <span class=\"sr-only\">Redirection vers la page : Chaire de recherche du Canada en g\u00e9ologie marine<\/span>                        <span class=\"o-button__icon\">\n            \t<svg aria-hidden=\"true\" focusable=\"false\" class=\"o-ico -icon-arrow-right\">\n\t\t<use xlink:href=\"https:\/\/www.uqar.ca\/app\/themes\/baserock\/assets\/img\/sprite.svg?v=db146dbaabe48619be#arrow-full-right\"><\/use>\n\t<\/svg>\n\t        <\/span>\n    <\/a>            <\/div>\n            <\/div>\n<\/div><figure class=\"wp-block-media-text__media\" style=\"background-image:url(https:\/\/www.uqar.ca\/app\/uploads\/2024\/05\/geologie-marine.jpg);background-position:53% 66%\"><img loading=\"lazy\" decoding=\"async\" width=\"1200\" height=\"1200\" src=\"https:\/\/www.uqar.ca\/app\/uploads\/2024\/05\/geologie-marine.jpg\" alt=\"\" class=\"wp-image-39375 size-full\" srcset=\"https:\/\/www.uqar.ca\/app\/uploads\/2024\/05\/geologie-marine.jpg 1200w, https:\/\/www.uqar.ca\/app\/uploads\/2024\/05\/geologie-marine-1024x1024.jpg 1024w, https:\/\/www.uqar.ca\/app\/uploads\/2024\/05\/geologie-marine-500x500.jpg 500w, https:\/\/www.uqar.ca\/app\/uploads\/2024\/05\/geologie-marine-768x768.jpg 768w\" sizes=\"auto, (max-width: 1200px) 100vw, 1200px\" \/><\/figure><\/div>\n<\/div><\/div><\/section>\n\n\n\n<section class=\"wp-block-stereo-section-bloc section-block-normal\"><div class=\"wp-block-stereo-section__container\"><div class=\"wp-block-stereo-section__col is-layout-flow wp-block-stereo-section-bloc-is-layout-flow\">\n<div class=\"wp-block-media-text is-stacked-on-mobile is-vertically-aligned-center is-image-fill\"><figure class=\"wp-block-media-text__media\" style=\"background-image:url(https:\/\/www.uqar.ca\/app\/uploads\/2024\/05\/ecologie-halieutique.jpg);background-position:50% 50%\"><img loading=\"lazy\" decoding=\"async\" width=\"1200\" height=\"1200\" src=\"https:\/\/www.uqar.ca\/app\/uploads\/2024\/05\/ecologie-halieutique.jpg\" alt=\"\" class=\"wp-image-39342 size-full\" srcset=\"https:\/\/www.uqar.ca\/app\/uploads\/2024\/05\/ecologie-halieutique.jpg 1200w, https:\/\/www.uqar.ca\/app\/uploads\/2024\/05\/ecologie-halieutique-1024x1024.jpg 1024w, https:\/\/www.uqar.ca\/app\/uploads\/2024\/05\/ecologie-halieutique-500x500.jpg 500w, https:\/\/www.uqar.ca\/app\/uploads\/2024\/05\/ecologie-halieutique-768x768.jpg 768w\" sizes=\"auto, (max-width: 1200px) 100vw, 1200px\" \/><\/figure><div class=\"wp-block-media-text__content\">\n<h2 class=\"wp-block-heading\">Canada Research Chair in Fisheries Ecology<\/h2>\n\n\n\n<p>The Canada Research Chair in Fisheries Ecology (Level 2) aims to enhance maritime fisheries by studying species ecology using advanced technologies.<\/p>\n\n\n\n    <div class=\"o-button__container\">\n                    <div class=\"o-button__item\">\n            <a    class=\"o-button   \"\n            href=\"https:\/\/www.uqar.ca\/recherche\/unites-de-recherche\/chaire-de-recherche-du-canada-en-ecologie-halieutique\/\"                    type=\"post\"    >\n    <span class=\"o-button__text\">Learn more<\/span>                        <span class=\"sr-only\">Redirection vers la page : Chaire de recherche du Canada en \u00e9cologie halieutique<\/span>                        <span class=\"o-button__icon\">\n            \t<svg aria-hidden=\"true\" focusable=\"false\" class=\"o-ico -icon-arrow-right\">\n\t\t<use xlink:href=\"https:\/\/www.uqar.ca\/app\/themes\/baserock\/assets\/img\/sprite.svg?v=db146dbaabe48619be#arrow-full-right\"><\/use>\n\t<\/svg>\n\t        <\/span>\n    <\/a>            <\/div>\n            <\/div>\n<\/div><\/div>\n<\/div><\/div><\/section>\n\n\n\n<section class=\"wp-block-stereo-section-bloc has-u-theme-2-background-color has-background section-block-normal\"><div class=\"wp-block-stereo-section__container\"><div class=\"wp-block-stereo-section__col is-layout-flow wp-block-stereo-section-bloc-is-layout-flow\">\n<div class=\"wp-block-media-text has-media-on-the-right is-stacked-on-mobile is-vertically-aligned-center is-image-fill\"><div class=\"wp-block-media-text__content\">\n<h2 class=\"wp-block-heading\">UNESCO Chair in the Integrated Analysis of Marine Systems<\/h2>\n\n\n\n<p>The first UNESCO maritime chair in Canada, this chair is based on a close north\u2013south collaboration with West African countries (Senegal, Mauritania, and Cape Verde). It focuses on building the research capacities of partner countries oriented towards applied ecosystem protection.<\/p>\n\n\n\n    <div class=\"o-button__container\">\n                    <div class=\"o-button__item\">\n            <a    class=\"o-button   \"\n            href=\"https:\/\/www.uqar.ca\/recherche\/unites-de-recherche\/chaire-unesco-en-analyse-integree-des-systemes-marins\/\"                    type=\"post\"    >\n    <span class=\"o-button__text\">Learn more<\/span>                        <span class=\"sr-only\">Redirection vers la page : Chaire UNESCO en analyse int\u00e9gr\u00e9e des syst\u00e8mes marins<\/span>                        <span class=\"o-button__icon\">\n            \t<svg aria-hidden=\"true\" focusable=\"false\" class=\"o-ico -icon-arrow-right\">\n\t\t<use xlink:href=\"https:\/\/www.uqar.ca\/app\/themes\/baserock\/assets\/img\/sprite.svg?v=db146dbaabe48619be#arrow-full-right\"><\/use>\n\t<\/svg>\n\t        <\/span>\n    <\/a>            <\/div>\n            <\/div>\n<\/div><figure class=\"wp-block-media-text__media\" style=\"background-image:url(https:\/\/www.uqar.ca\/app\/uploads\/2024\/05\/unesco-systeme-marin-1920x1920.jpg);background-position:50% 50%\"><img loading=\"lazy\" decoding=\"async\" width=\"1920\" height=\"1920\" src=\"https:\/\/www.uqar.ca\/app\/uploads\/2024\/05\/unesco-systeme-marin-1920x1920.jpg\" alt=\"\" class=\"wp-image-39359 size-full\" srcset=\"https:\/\/www.uqar.ca\/app\/uploads\/2024\/05\/unesco-systeme-marin-1920x1920.jpg 1920w, https:\/\/www.uqar.ca\/app\/uploads\/2024\/05\/unesco-systeme-marin-1024x1024.jpg 1024w, https:\/\/www.uqar.ca\/app\/uploads\/2024\/05\/unesco-systeme-marin-500x500.jpg 500w, https:\/\/www.uqar.ca\/app\/uploads\/2024\/05\/unesco-systeme-marin-768x768.jpg 768w, https:\/\/www.uqar.ca\/app\/uploads\/2024\/05\/unesco-systeme-marin-1536x1536.jpg 1536w, https:\/\/www.uqar.ca\/app\/uploads\/2024\/05\/unesco-systeme-marin-2048x2048.jpg 2048w\" sizes=\"auto, (max-width: 1920px) 100vw, 1920px\" \/><\/figure><\/div>\n<\/div><\/div><\/section>\n","protected":false},"excerpt":{"rendered":"<p>Canada Research Chair in Marine Geology The Canada Research Chair in Marine Geology examines the sea floor and sediments using advanced techniques. Canada Research Chair in Fisheries Ecology The Canada Research Chair in Fisheries Ecology (Level 2) aims to enhance maritime fisheries by studying species ecology using advanced technologies. UNESCO Chair in the Integrated Analysis [&hellip;]<\/p>\n","protected":false},"author":123,"featured_media":0,"parent":63063,"menu_order":4,"comment_status":"closed","ping_status":"closed","template":"t-microsite.php","meta":{"_acf_changed":false,"_relevanssi_hide_post":"","_relevanssi_hide_content":"","_relevanssi_pin_for_all":"","_relevanssi_pin_keywords":"","_relevanssi_unpin_keywords":"","_relevanssi_related_keywords":"","_relevanssi_related_include_ids":"","_relevanssi_related_exclude_ids":"","_relevanssi_related_no_append":"","_relevanssi_related_not_related":"","_relevanssi_related_posts":"","_relevanssi_noindex_reason":"","footnotes":""},"class_list":["post-61743","page","type-page","status-publish","hentry"],"acf":[],"_links":{"self":[{"href":"https:\/\/www.uqar.ca\/en\/wp-json\/wp\/v2\/pages\/61743","targetHints":{"allow":["GET"]}}],"collection":[{"href":"https:\/\/www.uqar.ca\/en\/wp-json\/wp\/v2\/pages"}],"about":[{"href":"https:\/\/www.uqar.ca\/en\/wp-json\/wp\/v2\/types\/page"}],"author":[{"embeddable":true,"href":"https:\/\/www.uqar.ca\/en\/wp-json\/wp\/v2\/users\/123"}],"replies":[{"embeddable":true,"href":"https:\/\/www.uqar.ca\/en\/wp-json\/wp\/v2\/comments?post=61743"}],"version-history":[{"count":1,"href":"https:\/\/www.uqar.ca\/en\/wp-json\/wp\/v2\/pages\/61743\/revisions"}],"predecessor-version":[{"id":61745,"href":"https:\/\/www.uqar.ca\/en\/wp-json\/wp\/v2\/pages\/61743\/revisions\/61745"}],"up":[{"embeddable":true,"href":"https:\/\/www.uqar.ca\/en\/wp-json\/wp\/v2\/pages\/63063"}],"wp:attachment":[{"href":"https:\/\/www.uqar.ca\/en\/wp-json\/wp\/v2\/media?parent=61743"}],"curies":[{"name":"wp","href":"https:\/\/api.w.org\/{rel}","templated":true}]}}