{"id":61746,"date":"2024-05-29T13:32:14","date_gmt":"2024-05-29T17:32:14","guid":{"rendered":"https:\/\/www.uqar.ca\/?page_id=61746"},"modified":"2025-02-20T08:00:07","modified_gmt":"2025-02-20T13:00:07","slug":"federative-research-projects","status":"publish","type":"page","link":"https:\/\/www.uqar.ca\/en\/the-institut-des-sciences-de-la-mer-of-the-universite-du-quebec-a-rimouski-ismer-uqar\/research\/federative-research-projects\/","title":{"rendered":"Federative Research Projects"},"content":{"rendered":"\n<section class=\"wp-block-stereo-section-bloc section-block-normal\"><div class=\"wp-block-stereo-section__container\"><div class=\"wp-block-stereo-section__col is-layout-flow wp-block-stereo-section-bloc-is-layout-flow\">\n<div class=\"wp-block-media-text is-stacked-on-mobile is-vertically-aligned-center is-image-fill\"><figure class=\"wp-block-media-text__media\" style=\"background-image:url(https:\/\/www.uqar.ca\/app\/uploads\/2024\/11\/stationmars-1920x1081.jpg);background-position:50% 50%\"><img loading=\"lazy\" decoding=\"async\" width=\"1920\" height=\"1081\" src=\"https:\/\/www.uqar.ca\/app\/uploads\/2024\/11\/stationmars-1920x1081.jpg\" alt=\"\" class=\"wp-image-57423 size-full\" srcset=\"https:\/\/www.uqar.ca\/app\/uploads\/2024\/11\/stationmars-1920x1081.jpg 1920w, https:\/\/www.uqar.ca\/app\/uploads\/2024\/11\/stationmars-1024x576.jpg 1024w, https:\/\/www.uqar.ca\/app\/uploads\/2024\/11\/stationmars-500x281.jpg 500w, https:\/\/www.uqar.ca\/app\/uploads\/2024\/11\/stationmars-768x432.jpg 768w, https:\/\/www.uqar.ca\/app\/uploads\/2024\/11\/stationmars-1536x865.jpg 1536w, https:\/\/www.uqar.ca\/app\/uploads\/2024\/11\/stationmars-2048x1153.jpg 2048w\" sizes=\"auto, (max-width: 1920px) 100vw, 1920px\" \/><\/figure><div class=\"wp-block-media-text__content\">\n<h2 class=\"wp-block-heading\">Marine Acoustic Research Station MARS<\/h2>\n\n\n\n<p>MARS is a world-class applied research project focused on understanding and measuring underwater noise radiated by ships and proposing relevant methods for its reduction in synergy with Canadian shipowners and regulators.<\/p>\n\n\n\n<p><br>It is co-directed by the Institut des sciences de la mer de Rimouski (ISMER) at the Universit\u00e9 du Qu\u00e9bec \u00e0 Rimouski (UQAR) and the Innovation maritime with support from MTE and OpDAQ as well as navigation professionals (Algoma Central Corporation, CSL, Desgagn\u00e9s, Fednav). The project is financially supported by Transport Canada, Quebec&#8217;s Ministry of Economy and Innovation, and the Saint Lawrence Economic Development Society.<\/p>\n\n\n\n    <div class=\"o-button__container\">\n                    <div class=\"o-button__item\">\n            <a    class=\"o-button   \"\n            href=\"https:\/\/www.projet-mars.ca\/\"        target=\"_blank\"            type=\"url\"    >\n    <span class=\"o-button__text\">Learn more<\/span>                        <span class=\"sr-only\">Redirection vers l&#8217;url : https:\/\/www.projet-mars.ca\/<\/span>                        <span class=\"o-button__icon\">\n            \t<svg aria-hidden=\"true\" focusable=\"false\" class=\"o-ico -icon-arrow-right\">\n\t\t<use xlink:href=\"https:\/\/www.uqar.ca\/app\/themes\/baserock\/assets\/img\/sprite.svg?v=db146dbaabe48619be#arrow-full-right\"><\/use>\n\t<\/svg>\n\t        <\/span>\n    <\/a>            <\/div>\n            <\/div>\n<\/div><\/div>\n<\/div><\/div><\/section>\n\n\n\n<section class=\"wp-block-stereo-section-bloc has-u-theme-2-background-color has-background section-block-normal\"><div class=\"wp-block-stereo-section__container\"><div class=\"wp-block-stereo-section__col is-layout-flow wp-block-stereo-section-bloc-is-layout-flow\">\n<div class=\"wp-block-media-text has-media-on-the-right is-stacked-on-mobile is-vertically-aligned-center is-image-fill\"><div class=\"wp-block-media-text__content\">\n<h2 class=\"wp-block-heading\">Tracer Release Experiment (TReX) Project in the Gulf of St. Lawrence<\/h2>\n\n\n\n<p>Jointly supported by the Qu\u00e9bec Maritime Network and the MEOPAR network, the TReX project aims to develop observational and predictive capabilities for marine dispersion following spills and advance intervention measures in coastal zones.<\/p>\n<\/div><figure class=\"wp-block-media-text__media\" style=\"background-image:url(https:\/\/www.uqar.ca\/app\/uploads\/2024\/05\/projet-recherche-federateur-trex.jpg);background-position:50% 50%\"><img loading=\"lazy\" decoding=\"async\" width=\"1200\" height=\"1200\" src=\"https:\/\/www.uqar.ca\/app\/uploads\/2024\/05\/projet-recherche-federateur-trex.jpg\" alt=\"\" class=\"wp-image-39717 size-full\" srcset=\"https:\/\/www.uqar.ca\/app\/uploads\/2024\/05\/projet-recherche-federateur-trex.jpg 1200w, https:\/\/www.uqar.ca\/app\/uploads\/2024\/05\/projet-recherche-federateur-trex-1024x1024.jpg 1024w, https:\/\/www.uqar.ca\/app\/uploads\/2024\/05\/projet-recherche-federateur-trex-500x500.jpg 500w, https:\/\/www.uqar.ca\/app\/uploads\/2024\/05\/projet-recherche-federateur-trex-768x768.jpg 768w\" sizes=\"auto, (max-width: 1200px) 100vw, 1200px\" \/><\/figure><\/div>\n<\/div><\/div><\/section>\n\n\n\n<section class=\"wp-block-stereo-section-bloc section-block-normal\"><div class=\"wp-block-stereo-section__container\"><div class=\"wp-block-stereo-section__col is-layout-flow wp-block-stereo-section-bloc-is-layout-flow\">\n<div class=\"wp-block-media-text is-stacked-on-mobile is-vertically-aligned-center is-image-fill\"><figure class=\"wp-block-media-text__media\" style=\"background-image:url(https:\/\/www.uqar.ca\/app\/uploads\/2024\/05\/projet-recherche-federateur-tac.jpg);background-position:50% 50%\"><img loading=\"lazy\" decoding=\"async\" width=\"1200\" height=\"1200\" src=\"https:\/\/www.uqar.ca\/app\/uploads\/2024\/05\/projet-recherche-federateur-tac.jpg\" alt=\"\" class=\"wp-image-39748 size-full\" srcset=\"https:\/\/www.uqar.ca\/app\/uploads\/2024\/05\/projet-recherche-federateur-tac.jpg 1200w, https:\/\/www.uqar.ca\/app\/uploads\/2024\/05\/projet-recherche-federateur-tac-1024x1024.jpg 1024w, https:\/\/www.uqar.ca\/app\/uploads\/2024\/05\/projet-recherche-federateur-tac-500x500.jpg 500w, https:\/\/www.uqar.ca\/app\/uploads\/2024\/05\/projet-recherche-federateur-tac-768x768.jpg 768w\" sizes=\"auto, (max-width: 1200px) 100vw, 1200px\" \/><\/figure><div class=\"wp-block-media-text__content\">\n<h2 class=\"wp-block-heading\">Transforming Climate Action (TCA)<\/h2>\n\n\n\n<p>TCA focuses on an improved understanding of the ocean&#8217;s role in climate change and developing mitigation measures in marine environments by integrating the realities of social, cultural, economic, and political systems.<\/p>\n\n\n\n<p>TCA seeks to better characterize the biochemical processes governing carbon sequestration, develop CO2 emission mitigation measures in maritime contexts, and enhance understanding of the social, cultural, economic, and political systems underlying mitigation and adaptation actions to ensure they are effective, just, and equitable.<\/p>\n\n\n\n    <div class=\"o-button__container\">\n                    <div class=\"o-button__item\">\n            <a    class=\"o-button   \"\n            href=\"https:\/\/www.uqar.ca\/recherche\/unites-de-recherche\/apogee-tac\/\"        target=\"_blank\"            type=\"post\"    >\n    <span class=\"o-button__text\">Learn more<\/span>                        <span class=\"sr-only\">Redirection vers la page : Transformer l\u2019action pour le climat : une approche ax\u00e9e sur les oc\u00e9ans (Programme TAC)<\/span>                        <span class=\"o-button__icon\">\n            \t<svg aria-hidden=\"true\" focusable=\"false\" class=\"o-ico -icon-arrow-right\">\n\t\t<use xlink:href=\"https:\/\/www.uqar.ca\/app\/themes\/baserock\/assets\/img\/sprite.svg?v=db146dbaabe48619be#arrow-full-right\"><\/use>\n\t<\/svg>\n\t        <\/span>\n    <\/a>            <\/div>\n            <\/div>\n<\/div><\/div>\n<\/div><\/div><\/section>\n\n\n\n<section class=\"wp-block-stereo-section-bloc has-u-theme-2-background-color has-background section-block-normal\"><div class=\"wp-block-stereo-section__container\"><div class=\"wp-block-stereo-section__col is-layout-flow wp-block-stereo-section-bloc-is-layout-flow\">\n<div class=\"wp-block-media-text has-media-on-the-right is-stacked-on-mobile is-vertically-aligned-center is-image-fill\"><div class=\"wp-block-media-text__content\">\n<h2 class=\"wp-block-heading\">Auditif Project<\/h2>\n\n\n\n<p>The Auditif project aims to illuminate our understanding of the ecological and socio-economic impacts of sound and chemical pollution from maritime traffic on marine benthic life, and ultimately to develop management and monitoring tools.<\/p>\n\n\n\n<p><br>Auditif will focus on species of vital ecological and socio-economic interest that have complex life cycles, including a dispersive pelagic larval stage. Examples include two bivalves: the blue mussel and the giant scallop.<\/p>\n\n\n\n<p><\/p>\n<\/div><figure class=\"wp-block-media-text__media\" style=\"background-image:url(https:\/\/www.uqar.ca\/app\/uploads\/2024\/05\/projet-recherche-federateur-auditif.jpg);background-position:53% 82%\"><img loading=\"lazy\" decoding=\"async\" width=\"1200\" height=\"1200\" src=\"https:\/\/www.uqar.ca\/app\/uploads\/2024\/05\/projet-recherche-federateur-auditif.jpg\" alt=\"\" class=\"wp-image-39737 size-full\" srcset=\"https:\/\/www.uqar.ca\/app\/uploads\/2024\/05\/projet-recherche-federateur-auditif.jpg 1200w, https:\/\/www.uqar.ca\/app\/uploads\/2024\/05\/projet-recherche-federateur-auditif-1024x1024.jpg 1024w, https:\/\/www.uqar.ca\/app\/uploads\/2024\/05\/projet-recherche-federateur-auditif-500x500.jpg 500w, https:\/\/www.uqar.ca\/app\/uploads\/2024\/05\/projet-recherche-federateur-auditif-768x768.jpg 768w\" sizes=\"auto, (max-width: 1200px) 100vw, 1200px\" \/><\/figure><\/div>\n<\/div><\/div><\/section>\n\n\n\n<section class=\"wp-block-stereo-section-bloc has-u-theme-default-background-color has-background section-block-normal\"><div class=\"wp-block-stereo-section__container\"><div class=\"wp-block-stereo-section__col is-layout-flow wp-block-stereo-section-bloc-is-layout-flow\">\n<div class=\"wp-block-media-text is-stacked-on-mobile is-vertically-aligned-center is-image-fill has-u-theme-default-background-color has-background\"><figure class=\"wp-block-media-text__media\" style=\"background-image:url(https:\/\/www.uqar.ca\/app\/uploads\/2024\/05\/projet-recherche-federateur-bebest.jpg);background-position:50% 50%\"><img loading=\"lazy\" decoding=\"async\" width=\"1200\" height=\"1200\" src=\"https:\/\/www.uqar.ca\/app\/uploads\/2024\/05\/projet-recherche-federateur-bebest.jpg\" alt=\"\" class=\"wp-image-39735 size-full\" srcset=\"https:\/\/www.uqar.ca\/app\/uploads\/2024\/05\/projet-recherche-federateur-bebest.jpg 1200w, https:\/\/www.uqar.ca\/app\/uploads\/2024\/05\/projet-recherche-federateur-bebest-1024x1024.jpg 1024w, https:\/\/www.uqar.ca\/app\/uploads\/2024\/05\/projet-recherche-federateur-bebest-500x500.jpg 500w, https:\/\/www.uqar.ca\/app\/uploads\/2024\/05\/projet-recherche-federateur-bebest-768x768.jpg 768w\" sizes=\"auto, (max-width: 1200px) 100vw, 1200px\" \/><\/figure><div class=\"wp-block-media-text__content\">\n<h2 class=\"wp-block-heading\">Franco-Qu\u00e9bec Laboratory of Research and Technological Development in Benthic Ecology BeBest<\/h2>\n\n\n\n<p>BeBEST is a Franco-Qu\u00e9b\u00e9cois laboratory focused on marine ecosystem studies. The group aims to develop new descriptors of coastal environments by blending skills from engineering sciences, ecology, art, and mathematical modeling. BeBEST thus develops connections between scientific and artistic approaches to explore perceptions of natural phenomena that deviate from traditional scientific protocols.<\/p>\n\n\n\n    <div class=\"o-button__container\">\n                    <div class=\"o-button__item\">\n            <a    class=\"o-button   \"\n            href=\"https:\/\/www.liabebest.org\/\"        target=\"_blank\"            type=\"url\"    >\n    <span class=\"o-button__text\">Learn more<\/span>                        <span class=\"sr-only\">Redirection vers l&#8217;url : https:\/\/www.liabebest.org\/<\/span>                        <span class=\"o-button__icon\">\n            \t<svg aria-hidden=\"true\" focusable=\"false\" class=\"o-ico -icon-arrow-right\">\n\t\t<use xlink:href=\"https:\/\/www.uqar.ca\/app\/themes\/baserock\/assets\/img\/sprite.svg?v=db146dbaabe48619be#arrow-full-right\"><\/use>\n\t<\/svg>\n\t        <\/span>\n    <\/a>            <\/div>\n            <\/div>\n<\/div><\/div>\n<\/div><\/div><\/section>\n\n\n\n<section class=\"wp-block-stereo-section-bloc has-u-theme-2-background-color has-background section-block-normal\"><div class=\"wp-block-stereo-section__container\"><div class=\"wp-block-stereo-section__col is-layout-flow wp-block-stereo-section-bloc-is-layout-flow\">\n<div class=\"wp-block-media-text has-media-on-the-right is-stacked-on-mobile is-vertically-aligned-center is-image-fill\"><div class=\"wp-block-media-text__content\">\n<h2 class=\"wp-block-heading\">Underwater Soundscape Atlas<\/h2>\n\n\n\n<p>The MERIDIAN team based at the Institut des sciences de la mer of UQAR (ISMER-UQAR) and its collaborators have developed an interactive online atlas of ocean acoustic landscapes. This tool allows users to visualize and explore multiple modeled submarine acoustic maps at various depths, periods, and frequencies.<\/p>\n\n\n\n<p>This project complements the creation of a marine acoustic research station in the centre of the Laurentian Channel, offshore from Rimouski. Co-directed by the Institut des sciences de la mer of the Universit\u00e9 du Qu\u00e9bec \u00e0 Rimouski (ISMER-UQAR) and the Applied Maritime Research Innovation Centre, the project aims to acquire data on the sound signatures of ships transiting the St. Lawrence Estuary.<\/p>\n\n\n\n    <div class=\"o-button__container\">\n                    <div class=\"o-button__item\">\n            <a    class=\"o-button   \"\n            href=\"https:\/\/meridian.cs.dal.ca\/fr\/ocean-soundscape-atlas\/\"        target=\"_blank\"            type=\"url\"    >\n    <span class=\"o-button__text\">Learn more<\/span>                        <span class=\"sr-only\">Redirection vers l&#8217;url : https:\/\/meridian.cs.dal.ca\/fr\/ocean-soundscape-atlas\/<\/span>                        <span class=\"o-button__icon\">\n            \t<svg aria-hidden=\"true\" focusable=\"false\" class=\"o-ico -icon-arrow-right\">\n\t\t<use xlink:href=\"https:\/\/www.uqar.ca\/app\/themes\/baserock\/assets\/img\/sprite.svg?v=db146dbaabe48619be#arrow-full-right\"><\/use>\n\t<\/svg>\n\t        <\/span>\n    <\/a>            <\/div>\n            <\/div>\n<\/div><figure class=\"wp-block-media-text__media\" style=\"background-image:url(https:\/\/www.uqar.ca\/app\/uploads\/2024\/05\/projet-recherche-federateur-altas.jpg);background-position:50% 50%\"><img loading=\"lazy\" decoding=\"async\" width=\"1200\" height=\"1200\" src=\"https:\/\/www.uqar.ca\/app\/uploads\/2024\/05\/projet-recherche-federateur-altas.jpg\" alt=\"\" class=\"wp-image-39739 size-full\" srcset=\"https:\/\/www.uqar.ca\/app\/uploads\/2024\/05\/projet-recherche-federateur-altas.jpg 1200w, https:\/\/www.uqar.ca\/app\/uploads\/2024\/05\/projet-recherche-federateur-altas-1024x1024.jpg 1024w, https:\/\/www.uqar.ca\/app\/uploads\/2024\/05\/projet-recherche-federateur-altas-500x500.jpg 500w, https:\/\/www.uqar.ca\/app\/uploads\/2024\/05\/projet-recherche-federateur-altas-768x768.jpg 768w\" sizes=\"auto, (max-width: 1200px) 100vw, 1200px\" \/><\/figure><\/div>\n<\/div><\/div><\/section>\n\n\n\n<section class=\"wp-block-stereo-section-bloc has-u-theme-default-background-color has-background section-block-normal\"><div class=\"wp-block-stereo-section__container\"><div class=\"wp-block-stereo-section__col is-layout-flow wp-block-stereo-section-bloc-is-layout-flow\">\n<div class=\"wp-block-media-text is-stacked-on-mobile is-vertically-aligned-center is-image-fill\"><figure class=\"wp-block-media-text__media\" style=\"background-image:url(https:\/\/www.uqar.ca\/app\/uploads\/2024\/05\/projet-recherche-federateur-eel.jpg);background-position:50% 50%\"><img loading=\"lazy\" decoding=\"async\" width=\"1200\" height=\"1200\" src=\"https:\/\/www.uqar.ca\/app\/uploads\/2024\/05\/projet-recherche-federateur-eel.jpg\" alt=\"\" class=\"wp-image-39746 size-full\" srcset=\"https:\/\/www.uqar.ca\/app\/uploads\/2024\/05\/projet-recherche-federateur-eel.jpg 1200w, https:\/\/www.uqar.ca\/app\/uploads\/2024\/05\/projet-recherche-federateur-eel-1024x1024.jpg 1024w, https:\/\/www.uqar.ca\/app\/uploads\/2024\/05\/projet-recherche-federateur-eel-500x500.jpg 500w, https:\/\/www.uqar.ca\/app\/uploads\/2024\/05\/projet-recherche-federateur-eel-768x768.jpg 768w\" sizes=\"auto, (max-width: 1200px) 100vw, 1200px\" \/><\/figure><div class=\"wp-block-media-text__content\">\n<h2 class=\"wp-block-heading\">EEL Project (&#8220;Energetics, Education, and Legacy of the American Eel of the St. Lawrence River&#8221;)<\/h2>\n\n\n\n<p>The EEL project is an interdisciplinary research initiative bringing together researchers from biology and social sciences.<br>The project aims to:<\/p>\n\n\n\n<ul class=\"wp-block-list\">\n<li>Better understand the biology and eco-physiology of the American eel through otolith studies;<\/li>\n\n\n\n<li>Document the many ways the American eel has historically influenced and still affects Quebec cultural;<\/li>\n\n\n\n<li>Develop communication strategies to inform and raise awareness about conservation issues affecting the American eel in the St. Lawrence River.<\/li>\n<\/ul>\n\n\n\n<p><\/p>\n<\/div><\/div>\n<\/div><\/div><\/section>\n","protected":false},"excerpt":{"rendered":"<p>Marine Acoustic Research Station MARS MARS is a world-class applied research project focused on understanding and measuring underwater noise radiated by ships and proposing relevant methods for its reduction in synergy with Canadian shipowners and regulators. It is co-directed by the Institut des sciences de la mer de Rimouski (ISMER) at the Universit\u00e9 du Qu\u00e9bec [&hellip;]<\/p>\n","protected":false},"author":123,"featured_media":0,"parent":63063,"menu_order":50,"comment_status":"closed","ping_status":"closed","template":"t-microsite.php","meta":{"_acf_changed":false,"_relevanssi_hide_post":"","_relevanssi_hide_content":"","_relevanssi_pin_for_all":"","_relevanssi_pin_keywords":"","_relevanssi_unpin_keywords":"","_relevanssi_related_keywords":"","_relevanssi_related_include_ids":"","_relevanssi_related_exclude_ids":"","_relevanssi_related_no_append":"","_relevanssi_related_not_related":"","_relevanssi_related_posts":"15443,9293,3405,5561,5816,4165","_relevanssi_noindex_reason":"","footnotes":""},"class_list":["post-61746","page","type-page","status-publish","hentry"],"acf":[],"_links":{"self":[{"href":"https:\/\/www.uqar.ca\/en\/wp-json\/wp\/v2\/pages\/61746","targetHints":{"allow":["GET"]}}],"collection":[{"href":"https:\/\/www.uqar.ca\/en\/wp-json\/wp\/v2\/pages"}],"about":[{"href":"https:\/\/www.uqar.ca\/en\/wp-json\/wp\/v2\/types\/page"}],"author":[{"embeddable":true,"href":"https:\/\/www.uqar.ca\/en\/wp-json\/wp\/v2\/users\/123"}],"replies":[{"embeddable":true,"href":"https:\/\/www.uqar.ca\/en\/wp-json\/wp\/v2\/comments?post=61746"}],"version-history":[{"count":2,"href":"https:\/\/www.uqar.ca\/en\/wp-json\/wp\/v2\/pages\/61746\/revisions"}],"predecessor-version":[{"id":63794,"href":"https:\/\/www.uqar.ca\/en\/wp-json\/wp\/v2\/pages\/61746\/revisions\/63794"}],"up":[{"embeddable":true,"href":"https:\/\/www.uqar.ca\/en\/wp-json\/wp\/v2\/pages\/63063"}],"wp:attachment":[{"href":"https:\/\/www.uqar.ca\/en\/wp-json\/wp\/v2\/media?parent=61746"}],"curies":[{"name":"wp","href":"https:\/\/api.w.org\/{rel}","templated":true}]}}