{"id":61750,"date":"2024-03-28T14:55:31","date_gmt":"2024-03-28T18:55:31","guid":{"rendered":"https:\/\/www.uqar.ca\/?page_id=61750"},"modified":"2025-02-07T08:21:44","modified_gmt":"2025-02-07T13:21:44","slug":"training","status":"publish","type":"page","link":"https:\/\/www.uqar.ca\/en\/the-institut-des-sciences-de-la-mer-of-the-universite-du-quebec-a-rimouski-ismer-uqar\/training\/","title":{"rendered":"Training"},"content":{"rendered":"\n<section class=\"wp-block-stereo-section-bloc has-u-theme-3-color has-u-theme-2-background-color has-text-color has-background has-link-color section-block-normal wp-elements-fa60a4df4faa8bb405b3df7da84ccfd7\"><div class=\"wp-block-stereo-section__container\"><div class=\"wp-block-stereo-section__col is-layout-flow wp-block-stereo-section-bloc-is-layout-flow\"><div class=\"o-section-gutenberg\">\n<div class=\"wp-block-columns is-layout-flex wp-container-core-columns-is-layout-28f84493 wp-block-columns-is-layout-flex\">\n<div class=\"wp-block-column is-layout-flow wp-block-column-is-layout-flow\" style=\"flex-basis:33%\">\n<figure class=\"wp-block-image size-full\"><img loading=\"lazy\" decoding=\"async\" width=\"1200\" height=\"1200\" src=\"https:\/\/www.uqar.ca\/app\/uploads\/2024\/05\/formation-dess.jpg\" alt=\"\" class=\"wp-image-35271\" srcset=\"https:\/\/www.uqar.ca\/app\/uploads\/2024\/05\/formation-dess.jpg 1200w, https:\/\/www.uqar.ca\/app\/uploads\/2024\/05\/formation-dess-1024x1024.jpg 1024w, https:\/\/www.uqar.ca\/app\/uploads\/2024\/05\/formation-dess-500x500.jpg 500w, https:\/\/www.uqar.ca\/app\/uploads\/2024\/05\/formation-dess-768x768.jpg 768w\" sizes=\"auto, (max-width: 1200px) 100vw, 1200px\" \/><\/figure>\n\n\n\n<h4 class=\"wp-block-heading\">Graduate Diploma (DESS) in Oceanography<\/h4>\n\n\n\n<p>This unique Quebec program enables students to acquire advanced-level knowledge and skills in oceanography.<\/p>\n\n\n\n    <div class=\"o-button__container\">\n                    <div class=\"o-button__item\">\n            <a    class=\"o-button   \"\n            href=\"https:\/\/www.uqar.ca\/institut-des-sciences-de-la-mer-ismer\/formation\/diplome-detudes-superieures-specialisees-en-oceanographie-dess-ocean\/\"                    type=\"post\"    >\n    <span class=\"o-button__text\">Learn more<\/span>                        <span class=\"sr-only\">Redirection vers la page : Dipl\u00f4me d&#8217;\u00e9tudes sup\u00e9rieures sp\u00e9cialis\u00e9es en oc\u00e9anographie (DESS-ocean)<\/span>                        <span class=\"o-button__icon\">\n            \t<svg aria-hidden=\"true\" focusable=\"false\" class=\"o-ico -icon-arrow-right\">\n\t\t<use xlink:href=\"https:\/\/www.uqar.ca\/app\/themes\/baserock\/assets\/img\/sprite.svg?v=656c1ebaabe48619be#arrow-full-right\"><\/use>\n\t<\/svg>\n\t        <\/span>\n    <\/a>            <\/div>\n            <\/div>\n<\/div>\n\n\n\n<div class=\"wp-block-column is-layout-flow wp-block-column-is-layout-flow\" style=\"flex-basis:33%\">\n<figure class=\"wp-block-image size-full\"><img loading=\"lazy\" decoding=\"async\" width=\"1200\" height=\"1200\" src=\"https:\/\/www.uqar.ca\/app\/uploads\/2024\/05\/formation-maitrise.jpg\" alt=\"\" class=\"wp-image-35275\" srcset=\"https:\/\/www.uqar.ca\/app\/uploads\/2024\/05\/formation-maitrise.jpg 1200w, https:\/\/www.uqar.ca\/app\/uploads\/2024\/05\/formation-maitrise-1024x1024.jpg 1024w, https:\/\/www.uqar.ca\/app\/uploads\/2024\/05\/formation-maitrise-500x500.jpg 500w, https:\/\/www.uqar.ca\/app\/uploads\/2024\/05\/formation-maitrise-768x768.jpg 768w\" sizes=\"auto, (max-width: 1200px) 100vw, 1200px\" \/><\/figure>\n\n\n\n<h4 class=\"wp-block-heading\"><a href=\"\/institut-des-sciences-de-la-mer-ismer\/formation\/maitrise-en-oceanographie\/\" data-type=\"page\" data-id=\"21474\"><strong>Master&#8217;s in Oceanography (MSc)<\/strong><\/a><\/h4>\n\n\n\n<p>This unique Quebec program enables students to acquire advanced-level knowledge and skills in oceanography.<\/p>\n\n\n\n    <div class=\"o-button__container\">\n                    <div class=\"o-button__item\">\n            <a    class=\"o-button   \"\n            href=\"https:\/\/www.uqar.ca\/institut-des-sciences-de-la-mer-ismer\/formation\/maitrise-en-oceanographie\/\"                    type=\"post\"    >\n    <span class=\"o-button__text\">Learn more<\/span>                        <span class=\"sr-only\">Redirection vers la page : Ma\u00eetrise en oc\u00e9anographie<\/span>                        <span class=\"o-button__icon\">\n            \t<svg aria-hidden=\"true\" focusable=\"false\" class=\"o-ico -icon-arrow-right\">\n\t\t<use xlink:href=\"https:\/\/www.uqar.ca\/app\/themes\/baserock\/assets\/img\/sprite.svg?v=656c1ebaabe48619be#arrow-full-right\"><\/use>\n\t<\/svg>\n\t        <\/span>\n    <\/a>            <\/div>\n            <\/div>\n<\/div>\n\n\n\n<div class=\"wp-block-column is-layout-flow wp-block-column-is-layout-flow\" style=\"flex-basis:33%\">\n<figure class=\"wp-block-image size-full\"><img loading=\"lazy\" decoding=\"async\" width=\"1200\" height=\"1200\" src=\"https:\/\/www.uqar.ca\/app\/uploads\/2024\/05\/formation-maria.jpg\" alt=\"\" class=\"wp-image-34105\" srcset=\"https:\/\/www.uqar.ca\/app\/uploads\/2024\/05\/formation-maria.jpg 1200w, https:\/\/www.uqar.ca\/app\/uploads\/2024\/05\/formation-maria-1024x1024.jpg 1024w, https:\/\/www.uqar.ca\/app\/uploads\/2024\/05\/formation-maria-500x500.jpg 500w, https:\/\/www.uqar.ca\/app\/uploads\/2024\/05\/formation-maria-768x768.jpg 768w\" sizes=\"auto, (max-width: 1200px) 100vw, 1200px\" \/><\/figure>\n\n\n\n<h4 class=\"wp-block-heading\"><a href=\"\/institut-des-sciences-de-la-mer-ismer\/formation\/doctorat-en-oceanographie\/\" data-type=\"page\" data-id=\"2197\"><strong>Doctoral Program in Oceanography (PhD)<\/strong><\/a><\/h4>\n\n\n\n<p>This unique Quebec program enables students to acquire advanced-level knowledge and skills in oceanography.<\/p>\n\n\n\n    <div class=\"o-button__container\">\n                    <div class=\"o-button__item\">\n            <a    class=\"o-button   \"\n            href=\"https:\/\/www.uqar.ca\/institut-des-sciences-de-la-mer-ismer\/formation\/doctorat-en-oceanographie\/\"                    type=\"post\"    >\n    <span class=\"o-button__text\">Learn more<\/span>                        <span class=\"sr-only\">Redirection vers la page : Doctorat en oc\u00e9anographie<\/span>                        <span class=\"o-button__icon\">\n            \t<svg aria-hidden=\"true\" focusable=\"false\" class=\"o-ico -icon-arrow-right\">\n\t\t<use xlink:href=\"https:\/\/www.uqar.ca\/app\/themes\/baserock\/assets\/img\/sprite.svg?v=656c1ebaabe48619be#arrow-full-right\"><\/use>\n\t<\/svg>\n\t        <\/span>\n    <\/a>            <\/div>\n            <\/div>\n<\/div>\n<\/div>\n<\/div><\/div><\/div><\/section>\n","protected":false},"excerpt":{"rendered":"<p>Graduate Diploma (DESS) in Oceanography This unique Quebec program enables students to acquire advanced-level knowledge and skills in oceanography. Master&#8217;s in Oceanography (MSc) This unique Quebec program enables students to acquire advanced-level knowledge and skills in oceanography. Doctoral Program in Oceanography (PhD) This unique Quebec program enables students to acquire advanced-level knowledge and skills in [&hellip;]<\/p>\n","protected":false},"author":123,"featured_media":0,"parent":61453,"menu_order":2,"comment_status":"closed","ping_status":"closed","template":"t-microsite.php","meta":{"_acf_changed":false,"_relevanssi_hide_post":"","_relevanssi_hide_content":"","_relevanssi_pin_for_all":"","_relevanssi_pin_keywords":"","_relevanssi_unpin_keywords":"","_relevanssi_related_keywords":"","_relevanssi_related_include_ids":"","_relevanssi_related_exclude_ids":"","_relevanssi_related_no_append":"","_relevanssi_related_not_related":"","_relevanssi_related_posts":"","_relevanssi_noindex_reason":"","footnotes":""},"class_list":["post-61750","page","type-page","status-publish","hentry"],"acf":[],"_links":{"self":[{"href":"https:\/\/www.uqar.ca\/en\/wp-json\/wp\/v2\/pages\/61750","targetHints":{"allow":["GET"]}}],"collection":[{"href":"https:\/\/www.uqar.ca\/en\/wp-json\/wp\/v2\/pages"}],"about":[{"href":"https:\/\/www.uqar.ca\/en\/wp-json\/wp\/v2\/types\/page"}],"author":[{"embeddable":true,"href":"https:\/\/www.uqar.ca\/en\/wp-json\/wp\/v2\/users\/123"}],"replies":[{"embeddable":true,"href":"https:\/\/www.uqar.ca\/en\/wp-json\/wp\/v2\/comments?post=61750"}],"version-history":[{"count":2,"href":"https:\/\/www.uqar.ca\/en\/wp-json\/wp\/v2\/pages\/61750\/revisions"}],"predecessor-version":[{"id":63117,"href":"https:\/\/www.uqar.ca\/en\/wp-json\/wp\/v2\/pages\/61750\/revisions\/63117"}],"up":[{"embeddable":true,"href":"https:\/\/www.uqar.ca\/en\/wp-json\/wp\/v2\/pages\/61453"}],"wp:attachment":[{"href":"https:\/\/www.uqar.ca\/en\/wp-json\/wp\/v2\/media?parent=61750"}],"curies":[{"name":"wp","href":"https:\/\/api.w.org\/{rel}","templated":true}]}}