{"id":61752,"date":"2024-04-23T12:11:42","date_gmt":"2024-04-23T16:11:42","guid":{"rendered":"https:\/\/www.uqar.ca\/?page_id=61752"},"modified":"2025-01-27T10:01:57","modified_gmt":"2025-01-27T15:01:57","slug":"graduate-diploma-dess-in-oceanography","status":"publish","type":"page","link":"https:\/\/www.uqar.ca\/en\/the-institut-des-sciences-de-la-mer-of-the-universite-du-quebec-a-rimouski-ismer-uqar\/training\/graduate-diploma-dess-in-oceanography\/","title":{"rendered":"Graduate Diploma (DESS) in Oceanography"},"content":{"rendered":"\n<section class=\"wp-block-stereo-section-bloc has-u-theme-2-background-color has-background section-block-normal\"><div class=\"wp-block-stereo-section__container\"><div class=\"wp-block-stereo-section__col is-layout-flow wp-block-stereo-section-bloc-is-layout-flow\">\n            <section class=\"o-section-slider\">\n                        <div class=\"c-slider__wrapper  \">\n                <!-- Slider main container -->\n                <div class=\"swiper c-slider  \" data-module=\"Slider\" data-type=\"1up\">\n                    <!-- Additional required wrapper -->\n                    <div class=\"swiper-wrapper\">\n                        <!-- Slides -->\n                                                                                                                        <div class=\"swiper-slide\">\n    <span class=\"o-responsive-img__wrap\">\n        <span class=\"o-responsive-img  -image-rounded\" style=\"padding-top:49.460431654676%;\"><img fetchpriority=\"high\" decoding=\"async\" width=\"1140\" height=\"564\" src=\"https:\/\/www.uqar.ca\/app\/uploads\/2024\/05\/dess-ismer-coriolis.jpg\" class=\"-image-rounded\" alt=\"\" loading=\"eager\" sizes=\"(max-width: 600px) 100vw, 83.33vw\" srcset=\"https:\/\/www.uqar.ca\/app\/uploads\/2024\/05\/dess-ismer-coriolis.jpg 1140w, https:\/\/www.uqar.ca\/app\/uploads\/2024\/05\/dess-ismer-coriolis-1024x507.jpg 1024w, https:\/\/www.uqar.ca\/app\/uploads\/2024\/05\/dess-ismer-coriolis-500x247.jpg 500w, https:\/\/www.uqar.ca\/app\/uploads\/2024\/05\/dess-ismer-coriolis-768x380.jpg 768w\" \/><\/span>                    <\/span>\n        <\/div>                                                                                                                                <div class=\"swiper-slide\">\n    <span class=\"o-responsive-img__wrap\">\n        <span class=\"o-responsive-img  -image-rounded\" style=\"padding-top:49.460431654676%;\"><img decoding=\"async\" width=\"1140\" height=\"564\" src=\"https:\/\/www.uqar.ca\/app\/uploads\/2024\/05\/dess-ismer-serre.jpg\" class=\"-image-rounded\" alt=\"\" loading=\"eager\" sizes=\"(max-width: 600px) 100vw, 83.33vw\" srcset=\"https:\/\/www.uqar.ca\/app\/uploads\/2024\/05\/dess-ismer-serre.jpg 1140w, https:\/\/www.uqar.ca\/app\/uploads\/2024\/05\/dess-ismer-serre-1024x507.jpg 1024w, https:\/\/www.uqar.ca\/app\/uploads\/2024\/05\/dess-ismer-serre-500x247.jpg 500w, https:\/\/www.uqar.ca\/app\/uploads\/2024\/05\/dess-ismer-serre-768x380.jpg 768w\" \/><\/span>                    <\/span>\n        <\/div>                                                                                                                                <div class=\"swiper-slide\">\n    <span class=\"o-responsive-img__wrap\">\n        <span class=\"o-responsive-img  -image-rounded\" style=\"padding-top:49.460431654676%;\"><img decoding=\"async\" width=\"1140\" height=\"564\" src=\"https:\/\/www.uqar.ca\/app\/uploads\/2024\/05\/dess-ecole-dete2.jpg\" class=\"-image-rounded\" alt=\"\" loading=\"eager\" sizes=\"(max-width: 600px) 100vw, 83.33vw\" srcset=\"https:\/\/www.uqar.ca\/app\/uploads\/2024\/05\/dess-ecole-dete2.jpg 1140w, https:\/\/www.uqar.ca\/app\/uploads\/2024\/05\/dess-ecole-dete2-1024x507.jpg 1024w, https:\/\/www.uqar.ca\/app\/uploads\/2024\/05\/dess-ecole-dete2-500x247.jpg 500w, https:\/\/www.uqar.ca\/app\/uploads\/2024\/05\/dess-ecole-dete2-768x380.jpg 768w\" \/><\/span>                    <\/span>\n        <\/div>                                                                                                        <\/div>\n\n                    <!-- If we need navigation buttons -->\n                    <div class=\"swiper-button-prev\">\n                        \t<svg aria-hidden=\"true\" focusable=\"false\" class=\"o-ico \">\n\t\t<use xlink:href=\"https:\/\/www.uqar.ca\/app\/themes\/baserock\/assets\/img\/sprite.svg?v=db146dbaabe48619be#arrow-left\"><\/use>\n\t<\/svg>\n\t                    <\/div>\n                    <div class=\"swiper-button-next\">\n                        \t<svg aria-hidden=\"true\" focusable=\"false\" class=\"o-ico \">\n\t\t<use xlink:href=\"https:\/\/www.uqar.ca\/app\/themes\/baserock\/assets\/img\/sprite.svg?v=db146dbaabe48619be#arrow-right\"><\/use>\n\t<\/svg>\n\t                    <\/div>\n                <\/div>\n            <\/div>\n                    <\/section>\n    <\/div><\/div><\/section>\n\n\n\n<section class=\"wp-block-stereo-section-bloc section-block-normal\"><div class=\"wp-block-stereo-section__container\"><div class=\"wp-block-stereo-section__col is-layout-flow wp-block-stereo-section-bloc-is-layout-flow\"><div class=\"o-section-gutenberg\">\n<div class=\"wp-block-columns is-layout-flex wp-container-core-columns-is-layout-28f84493 wp-block-columns-is-layout-flex\">\n<div class=\"wp-block-column is-layout-flow wp-block-column-is-layout-flow\">\n<figure class=\"wp-block-image size-full\"><img loading=\"lazy\" decoding=\"async\" width=\"720\" height=\"444\" src=\"https:\/\/www.uqar.ca\/app\/uploads\/2024\/04\/admission-720px-x-444px.jpg\" alt=\"\" class=\"wp-image-21523\" srcset=\"https:\/\/www.uqar.ca\/app\/uploads\/2024\/04\/admission-720px-x-444px.jpg 720w, https:\/\/www.uqar.ca\/app\/uploads\/2024\/04\/admission-720px-x-444px-500x308.jpg 500w\" sizes=\"auto, (max-width: 720px) 100vw, 720px\" \/><\/figure>\n<\/div>\n\n\n\n<div class=\"wp-block-column is-layout-flow wp-block-column-is-layout-flow\">\n\n    <div class=\"o-block-stereo o-block-list-row-links\">\n        <div class=\"o-list-row\">\n                                            \n                <a href=\"https:\/\/www.uqar.ca\/programmes-domaines-detudes\/diplome-detudes-superieures-specialisees-en-oceanographie\/\" class=\"o-list-row__item\" aria-label=\"Redirection vers la page : Dipl\u00f4me d&#8217;\u00e9tudes sup\u00e9rieures sp\u00e9cialis\u00e9es en oc\u00e9anographie\">\n                    <span class=\"o-list-row__item__layout\">\n                        <span class=\"o-title-5 o-list-row__item__title\">\n                            Program Overview, Admission, and Training Plan                                                     <\/span>\n\n                        <span class=\"o-list-row__item__icon\">\n                                                            \t<svg aria-hidden=\"true\" focusable=\"false\" class=\"o-ico -icon-arrow-full-right\">\n\t\t<use xlink:href=\"https:\/\/www.uqar.ca\/app\/themes\/baserock\/assets\/img\/sprite.svg?v=db146dbaabe48619be#arrow-full-right\"><\/use>\n\t<\/svg>\n\t                                                    <\/span>\n                    <\/span>\n                    \n                                    <\/a>\n                                                            \n                <a href=\"https:\/\/www.uqar.ca\/programmes-formations-et-admission\/admission\/programmes-ouverts-a-ladmission\/\" class=\"o-list-row__item\" aria-label=\"Redirection vers la page : Programmes ouverts \u00e0 l\u2019admission\">\n                    <span class=\"o-list-row__item__layout\">\n                        <span class=\"o-title-5 o-list-row__item__title\">\n                            Submit Your Application                                                    <\/span>\n\n                        <span class=\"o-list-row__item__icon\">\n                                                            \t<svg aria-hidden=\"true\" focusable=\"false\" class=\"o-ico -icon-arrow-full-right\">\n\t\t<use xlink:href=\"https:\/\/www.uqar.ca\/app\/themes\/baserock\/assets\/img\/sprite.svg?v=db146dbaabe48619be#arrow-full-right\"><\/use>\n\t<\/svg>\n\t                                                    <\/span>\n                    <\/span>\n                    \n                                    <\/a>\n                                    <\/div>\n    <\/div>\n<\/div>\n<\/div>\n<\/div><\/div><\/div><\/section>\n","protected":false},"excerpt":{"rendered":"","protected":false},"author":123,"featured_media":0,"parent":61750,"menu_order":0,"comment_status":"closed","ping_status":"closed","template":"t-microsite.php","meta":{"_acf_changed":false,"_relevanssi_hide_post":"","_relevanssi_hide_content":"","_relevanssi_pin_for_all":"","_relevanssi_pin_keywords":"","_relevanssi_unpin_keywords":"","_relevanssi_related_keywords":"","_relevanssi_related_include_ids":"","_relevanssi_related_exclude_ids":"","_relevanssi_related_no_append":"","_relevanssi_related_not_related":"","_relevanssi_related_posts":"","_relevanssi_noindex_reason":"","footnotes":""},"class_list":["post-61752","page","type-page","status-publish","hentry"],"acf":[],"_links":{"self":[{"href":"https:\/\/www.uqar.ca\/en\/wp-json\/wp\/v2\/pages\/61752","targetHints":{"allow":["GET"]}}],"collection":[{"href":"https:\/\/www.uqar.ca\/en\/wp-json\/wp\/v2\/pages"}],"about":[{"href":"https:\/\/www.uqar.ca\/en\/wp-json\/wp\/v2\/types\/page"}],"author":[{"embeddable":true,"href":"https:\/\/www.uqar.ca\/en\/wp-json\/wp\/v2\/users\/123"}],"replies":[{"embeddable":true,"href":"https:\/\/www.uqar.ca\/en\/wp-json\/wp\/v2\/comments?post=61752"}],"version-history":[{"count":1,"href":"https:\/\/www.uqar.ca\/en\/wp-json\/wp\/v2\/pages\/61752\/revisions"}],"predecessor-version":[{"id":61753,"href":"https:\/\/www.uqar.ca\/en\/wp-json\/wp\/v2\/pages\/61752\/revisions\/61753"}],"up":[{"embeddable":true,"href":"https:\/\/www.uqar.ca\/en\/wp-json\/wp\/v2\/pages\/61750"}],"wp:attachment":[{"href":"https:\/\/www.uqar.ca\/en\/wp-json\/wp\/v2\/media?parent=61752"}],"curies":[{"name":"wp","href":"https:\/\/api.w.org\/{rel}","templated":true}]}}