{"id":61758,"date":"2024-03-28T14:56:51","date_gmt":"2024-03-28T18:56:51","guid":{"rendered":"https:\/\/www.uqar.ca\/?page_id=61758"},"modified":"2025-01-27T10:14:51","modified_gmt":"2025-01-27T15:14:51","slug":"scholarships-and-financial-support","status":"publish","type":"page","link":"https:\/\/www.uqar.ca\/en\/the-institut-des-sciences-de-la-mer-of-the-universite-du-quebec-a-rimouski-ismer-uqar\/training\/scholarships-and-financial-support\/","title":{"rendered":"Scholarships and Financial Support"},"content":{"rendered":"\n<section class=\"wp-block-stereo-section-bloc has-u-theme-2-background-color has-background section-block-normal\"><div class=\"wp-block-stereo-section__container\"><div class=\"wp-block-stereo-section__col is-layout-flow wp-block-stereo-section-bloc-is-layout-flow\">\n            <section class=\"o-section-slider\">\n                        <div class=\"c-slider__wrapper  \">\n                <!-- Slider main container -->\n                <div class=\"swiper c-slider  \" data-module=\"Slider\" data-type=\"1up\">\n                    <!-- Additional required wrapper -->\n                    <div class=\"swiper-wrapper\">\n                        <!-- Slides -->\n                                                                                                                        <div class=\"swiper-slide\">\n    <span class=\"o-responsive-img__wrap\">\n        <span class=\"o-responsive-img  -image-rounded\" style=\"padding-top:49.460431654676%;\"><img fetchpriority=\"high\" decoding=\"async\" width=\"1140\" height=\"564\" src=\"https:\/\/www.uqar.ca\/app\/uploads\/2024\/05\/bourses-ismer-uqar-labo-ismer.jpg\" class=\"-image-rounded\" alt=\"\" loading=\"eager\" sizes=\"(max-width: 600px) 100vw, 83.33vw\" srcset=\"https:\/\/www.uqar.ca\/app\/uploads\/2024\/05\/bourses-ismer-uqar-labo-ismer.jpg 1140w, https:\/\/www.uqar.ca\/app\/uploads\/2024\/05\/bourses-ismer-uqar-labo-ismer-1024x507.jpg 1024w, https:\/\/www.uqar.ca\/app\/uploads\/2024\/05\/bourses-ismer-uqar-labo-ismer-500x247.jpg 500w, https:\/\/www.uqar.ca\/app\/uploads\/2024\/05\/bourses-ismer-uqar-labo-ismer-768x380.jpg 768w\" \/><\/span>                    <\/span>\n        <\/div>                                                                                                                                <div class=\"swiper-slide\">\n    <span class=\"o-responsive-img__wrap\">\n        <span class=\"o-responsive-img  -image-rounded\" style=\"padding-top:49.460431654676%;\"><img decoding=\"async\" width=\"1140\" height=\"564\" src=\"https:\/\/www.uqar.ca\/app\/uploads\/2024\/05\/bourses-ismer-uqar-labo-ismer2.jpg\" class=\"-image-rounded\" alt=\"\" loading=\"eager\" sizes=\"(max-width: 600px) 100vw, 83.33vw\" srcset=\"https:\/\/www.uqar.ca\/app\/uploads\/2024\/05\/bourses-ismer-uqar-labo-ismer2.jpg 1140w, https:\/\/www.uqar.ca\/app\/uploads\/2024\/05\/bourses-ismer-uqar-labo-ismer2-1024x507.jpg 1024w, https:\/\/www.uqar.ca\/app\/uploads\/2024\/05\/bourses-ismer-uqar-labo-ismer2-500x247.jpg 500w, https:\/\/www.uqar.ca\/app\/uploads\/2024\/05\/bourses-ismer-uqar-labo-ismer2-768x380.jpg 768w\" \/><\/span>                    <\/span>\n        <\/div>                                                                                                                                <div class=\"swiper-slide\">\n    <span class=\"o-responsive-img__wrap\">\n        <span class=\"o-responsive-img  -image-rounded\" style=\"padding-top:49.460431654676%;\"><img decoding=\"async\" width=\"1140\" height=\"564\" src=\"https:\/\/www.uqar.ca\/app\/uploads\/2024\/05\/bourses-ismer-uqar-labo-ismer3.jpg\" class=\"-image-rounded\" alt=\"\" loading=\"eager\" sizes=\"(max-width: 600px) 100vw, 83.33vw\" srcset=\"https:\/\/www.uqar.ca\/app\/uploads\/2024\/05\/bourses-ismer-uqar-labo-ismer3.jpg 1140w, https:\/\/www.uqar.ca\/app\/uploads\/2024\/05\/bourses-ismer-uqar-labo-ismer3-1024x507.jpg 1024w, https:\/\/www.uqar.ca\/app\/uploads\/2024\/05\/bourses-ismer-uqar-labo-ismer3-500x247.jpg 500w, https:\/\/www.uqar.ca\/app\/uploads\/2024\/05\/bourses-ismer-uqar-labo-ismer3-768x380.jpg 768w\" \/><\/span>                    <\/span>\n        <\/div>                                                                                                        <\/div>\n\n                    <!-- If we need navigation buttons -->\n                    <div class=\"swiper-button-prev\">\n                        \t<svg aria-hidden=\"true\" focusable=\"false\" class=\"o-ico \">\n\t\t<use xlink:href=\"https:\/\/www.uqar.ca\/app\/themes\/baserock\/assets\/img\/sprite.svg?v=db146dbaabe48619be#arrow-left\"><\/use>\n\t<\/svg>\n\t                    <\/div>\n                    <div class=\"swiper-button-next\">\n                        \t<svg aria-hidden=\"true\" focusable=\"false\" class=\"o-ico \">\n\t\t<use xlink:href=\"https:\/\/www.uqar.ca\/app\/themes\/baserock\/assets\/img\/sprite.svg?v=db146dbaabe48619be#arrow-right\"><\/use>\n\t<\/svg>\n\t                    <\/div>\n                <\/div>\n            <\/div>\n                    <\/section>\n    <\/div><\/div><\/section>\n\n\n\n<section class=\"wp-block-stereo-section-bloc section-block-small\"><div class=\"wp-block-stereo-section__container\"><div class=\"wp-block-stereo-section__col is-layout-flow wp-block-stereo-section-bloc-is-layout-flow\">\n<div class=\"wp-block-create-block-accordion-block\"><div class=\"c-accordion\" data-module=\"Accordion\" data-accordion-toggle=\"true\" data-accordion-scroll=\"true\" data-accordion-preopen=\"-1\">\n<div class=\"c-accordion__section\" data-accordion=\"wrap\"><button type=\"button\" aria-label=\"Ouvrir Financial Support for Master's in Oceanography\" class=\"c-accordion__header\" data-accordion=\"trigger\"><span class=\"c-accordion__header__title\" id=\"financial-support-for-masters-in-oceanography\"><span class=\"c-accordion__button\">Financial Support for Master&#8217;s in Oceanography<span class=\"c-accordion__header__icon\"><span class=\"o-button__icon\"><svg aria-hidden=\"true\" focusable=\"false\" class=\"o-ico -icon-arrow-down\"><use xlink:href=\"\/app\/themes\/baserock\/assets\/img\/sprite.svg?v=db146dbaabe48619be#arrow-down\"><\/use><\/svg><\/span><\/span><\/span><\/span><\/button><div class=\"c-accordion__content\" role=\"region\" data-accordion=\"content\"><div class=\"c-accordion__inner\">\n<p>Students enrolled in a master\u2019s program in oceanography receive financial support from ISMER-UQAR worth up to $1,325 per term for five terms, to be chosen from among the first eight terms, provided that an ISMER or UQAR professor contributes at least the same amount.<\/p>\n\n\n\n<p><br>Faculty members encourage and support students in the preparation of research grant applications to major funding organizations.<\/p>\n<\/div><\/div><\/div>\n\n\n\n<div class=\"c-accordion__section\" data-accordion=\"wrap\"><button type=\"button\" aria-label=\"Ouvrir Financial support for doctoral students in oceanography\" class=\"c-accordion__header\" data-accordion=\"trigger\"><span class=\"c-accordion__header__title\" id=\"financial-support-for-doctoral-students-in-oceanography\"><span class=\"c-accordion__button\">Financial support for doctoral students in oceanography<span class=\"c-accordion__header__icon\"><span class=\"o-button__icon\"><svg aria-hidden=\"true\" focusable=\"false\" class=\"o-ico -icon-arrow-down\"><use xlink:href=\"\/app\/themes\/baserock\/assets\/img\/sprite.svg?v=db146dbaabe48619be#arrow-down\"><\/use><\/svg><\/span><\/span><\/span><\/span><\/button><div class=\"c-accordion__content\" role=\"region\" data-accordion=\"content\"><div class=\"c-accordion__inner\">\n<p>Students enrolled in a doctoral program in oceanography receive financial support from ISMER-UQAR worth up to $1700 per term for nine terms, to be chosen from among the first 12 terms, provided that an ISMER or UQAR professor contributes at least the same amount.<\/p>\n\n\n\n<p>Faculty members encourage and support students in the preparation of research grant applications to major funding organizations.<\/p>\n\n\n\n<p>See also:\u00a0<\/p>\n\n\n\n<ul class=\"wp-block-list\">\n<li><a href=\"https:\/\/www.uqar.ca\/luniversite\/bourses\/\" data-type=\"page\" data-id=\"441\">Scholarships and financial support available during studies<\/a><\/li>\n\n\n\n<li><a href=\"https:\/\/www.uqar.ca\/luniversite\/bourses\/\" data-type=\"page\" data-id=\"441\">Scholarships and financial support available to research students<\/a><\/li>\n<\/ul>\n<\/div><\/div><\/div>\n\n\n\n<div class=\"c-accordion__section\" data-accordion=\"wrap\"><button type=\"button\" aria-label=\"Ouvrir Scholarships and financial support for research students\" class=\"c-accordion__header\" data-accordion=\"trigger\"><span class=\"c-accordion__header__title\" id=\"scholarships-and-financial-support-for-research-students\"><span class=\"c-accordion__button\">Scholarships and financial support for research students<span class=\"c-accordion__header__icon\"><span class=\"o-button__icon\"><svg aria-hidden=\"true\" focusable=\"false\" class=\"o-ico -icon-arrow-down\"><use xlink:href=\"\/app\/themes\/baserock\/assets\/img\/sprite.svg?v=db146dbaabe48619be#arrow-down\"><\/use><\/svg><\/span><\/span><\/span><\/span><\/button><div class=\"c-accordion__content\" role=\"region\" data-accordion=\"content\"><div class=\"c-accordion__inner\">\n<p>Several <a href=\"https:\/\/www.uqar.ca\/luniversite\/bourses\/\">scholarship programs<\/a> are available to 2nd and 3rd cycle students to support their research projects.<\/p>\n<\/div><\/div><\/div>\n\n\n\n<div class=\"c-accordion__section\" data-accordion=\"wrap\"><button type=\"button\" aria-label=\"Ouvrir Research project opportunities \" class=\"c-accordion__header\" data-accordion=\"trigger\"><span class=\"c-accordion__header__title\" id=\"research-project-opportunities\"><span class=\"c-accordion__button\">Research project opportunities <span class=\"c-accordion__header__icon\"><span class=\"o-button__icon\"><svg aria-hidden=\"true\" focusable=\"false\" class=\"o-ico -icon-arrow-down\"><use xlink:href=\"\/app\/themes\/baserock\/assets\/img\/sprite.svg?v=db146dbaabe48619be#arrow-down\"><\/use><\/svg><\/span><\/span><\/span><\/span><\/button><div class=\"c-accordion__content\" role=\"region\" data-accordion=\"content\"><div class=\"c-accordion__inner\">\n<p>The Institut des sciences de la mer of the Universit\u00e9 du Qu\u00e9bec \u00e0 Rimouski (ISMER-UQAR) is always on the lookout for students to work on various <a href=\"https:\/\/www.uqar.ca\/institut-des-sciences-de-la-mer-ismer\/offres\/projets-de-maitrise-et-de-doctorat\/\">research projects as part of their master&#8217;s or doctoral studies.<\/a><\/p>\n\n\n\n<p>It is also recommended that students directly contact professors to learn about supervision and funding opportunities.<\/p>\n\n\n\n<p><strong>Project opportunities :<\/strong><\/p>\n\n\n\n<p><strong><a href=\"https:\/\/www.uqar.ca\/app\/uploads\/2024\/05\/bourses_phd_ismer_proposition_de_projet_noisette_final.pdf\" target=\"_blank\" rel=\"noreferrer noopener\">Processus de facilitation \u00e9cologique en coculture macroalgues-bivalves<\/a><\/strong><\/p>\n\n\n\n<p>Professeure :&nbsp;<a href=\"https:\/\/www.uqar.ca\/professeurs\/noisette-fanny\/\" data-type=\"personnes\" data-id=\"18773\">Fanny Noisette<\/a><\/p>\n\n\n\n<p><strong><a href=\"\/app\/uploads\/2024\/05\/projet_de_doctorat_2022chaillou_fr.pdf\">Processus diag\u00e9n\u00e9tiques et enregistrements s\u00e9dimentaires dans les s\u00e9diments sous-oxyg\u00e9n\u00e9s du Chenal Laurentien<\/a><\/strong><\/p>\n\n\n\n<p><strong><a href=\"\/app\/uploads\/2024\/05\/projet_de_doctorat_2022chaillou_en.pdf\" target=\"_blank\" rel=\"noreferrer noopener\">Early diagenesis and sedimentary records in the hypoxic sediments of the Laurentian Channel<\/a><\/strong><\/p>\n\n\n\n<p>Professeure :&nbsp;<a href=\"https:\/\/www.uqar.ca\/professeurs\/chaillou-gwenaelle\/\" data-type=\"personnes\" data-id=\"18650\">Gw\u00e9na\u00eblle Chaillou<\/a><\/p>\n<\/div><\/div><\/div>\n<\/div><\/div>\n<\/div><\/div><\/section>\n","protected":false},"excerpt":{"rendered":"","protected":false},"author":123,"featured_media":0,"parent":61750,"menu_order":60,"comment_status":"closed","ping_status":"closed","template":"t-microsite.php","meta":{"_acf_changed":false,"_relevanssi_hide_post":"","_relevanssi_hide_content":"","_relevanssi_pin_for_all":"","_relevanssi_pin_keywords":"","_relevanssi_unpin_keywords":"","_relevanssi_related_keywords":"","_relevanssi_related_include_ids":"","_relevanssi_related_exclude_ids":"","_relevanssi_related_no_append":"","_relevanssi_related_not_related":"","_relevanssi_related_posts":"5501,3190,4672,5068,6152,5237","_relevanssi_noindex_reason":"","footnotes":""},"class_list":["post-61758","page","type-page","status-publish","hentry"],"acf":[],"_links":{"self":[{"href":"https:\/\/www.uqar.ca\/en\/wp-json\/wp\/v2\/pages\/61758","targetHints":{"allow":["GET"]}}],"collection":[{"href":"https:\/\/www.uqar.ca\/en\/wp-json\/wp\/v2\/pages"}],"about":[{"href":"https:\/\/www.uqar.ca\/en\/wp-json\/wp\/v2\/types\/page"}],"author":[{"embeddable":true,"href":"https:\/\/www.uqar.ca\/en\/wp-json\/wp\/v2\/users\/123"}],"replies":[{"embeddable":true,"href":"https:\/\/www.uqar.ca\/en\/wp-json\/wp\/v2\/comments?post=61758"}],"version-history":[{"count":1,"href":"https:\/\/www.uqar.ca\/en\/wp-json\/wp\/v2\/pages\/61758\/revisions"}],"predecessor-version":[{"id":61759,"href":"https:\/\/www.uqar.ca\/en\/wp-json\/wp\/v2\/pages\/61758\/revisions\/61759"}],"up":[{"embeddable":true,"href":"https:\/\/www.uqar.ca\/en\/wp-json\/wp\/v2\/pages\/61750"}],"wp:attachment":[{"href":"https:\/\/www.uqar.ca\/en\/wp-json\/wp\/v2\/media?parent=61758"}],"curies":[{"name":"wp","href":"https:\/\/api.w.org\/{rel}","templated":true}]}}