{"id":61760,"date":"2024-03-28T14:58:19","date_gmt":"2024-03-28T18:58:19","guid":{"rendered":"https:\/\/www.uqar.ca\/?page_id=61760"},"modified":"2025-02-07T08:22:46","modified_gmt":"2025-02-07T13:22:46","slug":"facilities","status":"publish","type":"page","link":"https:\/\/www.uqar.ca\/en\/the-institut-des-sciences-de-la-mer-of-the-universite-du-quebec-a-rimouski-ismer-uqar\/facilities\/","title":{"rendered":"Facilities"},"content":{"rendered":"\n<section class=\"wp-block-stereo-section-bloc has-u-theme-3-color has-u-theme-2-background-color has-text-color has-background has-link-color section-block-normal wp-elements-c81cd37c674907c329894ceeb3c0c747\"><div class=\"wp-block-stereo-section__container\"><div class=\"wp-block-stereo-section__col is-layout-flow wp-block-stereo-section-bloc-is-layout-flow\">\n\n    <div class=\"o-block-stereo\">\n        <div class=\"c-bloc-list-entries\">\n            <div class=\"o-grid\">\n                                    \n<div class=\"o-grid-6\">\n    <div class=\"\">\n                                    <div class=\"u-margin-bottom-sm\">\n                    <span class=\"o-responsive-img  -image-rounded\" style=\"padding-top:66.666666666667%;\"><img fetchpriority=\"high\" decoding=\"async\" width=\"600\" height=\"400\" src=\"https:\/\/www.uqar.ca\/app\/uploads\/2024\/05\/equipement-coriolis.jpg\" class=\"-image-rounded\" alt=\"\" loading=\"eager\" sizes=\"(max-width: 600px) 100vw, 33.33vw\" srcset=\"https:\/\/www.uqar.ca\/app\/uploads\/2024\/05\/equipement-coriolis.jpg 600w, https:\/\/www.uqar.ca\/app\/uploads\/2024\/05\/equipement-coriolis-500x333.jpg 500w\" \/><\/span>                <\/div>\n                                                                            <div class=\"u-margin-bottom-sm u-margin-top-sm o-text -text-mg-sm\">\n                        <h4><em>Coriolis II<\/em> research vessel<\/h4>\n                    <\/div>\n                                                    <div class=\"o-text -text-mg-sm \">\n                        <p>ISMER-UQAR has a state-of-the-art 50-metre oceanographic research vessel equipped with the latest technological innovations.<\/p>\n                    <\/div>\n                                                    <div class=\"o-button__container\">\n                                                    <a    class=\"o-button   \"\n            href=\"https:\/\/www.uqar.ca\/institut-des-sciences-de-la-mer-ismer\/equipements\/navire-coriolis-ii\/\"                    type=\"post\"    >\n    <span class=\"o-button__text\">Learn more<\/span>                        <span class=\"sr-only\">Redirection vers la page : Navire Coriolis II<\/span>                        <span class=\"o-button__icon\">\n            \t<svg aria-hidden=\"true\" focusable=\"false\" class=\"o-ico -icon-arrow-right\">\n\t\t<use xlink:href=\"https:\/\/www.uqar.ca\/app\/themes\/baserock\/assets\/img\/sprite.svg?v=db146dbaabe48619be#arrow-full-right\"><\/use>\n\t<\/svg>\n\t        <\/span>\n    <\/a>                                            <\/div>\n                                    <\/div>\n<\/div>                                    \n<div class=\"o-grid-6\">\n    <div class=\"\">\n                                    <div class=\"u-margin-bottom-sm\">\n                    <span class=\"o-responsive-img  -image-rounded\" style=\"padding-top:66.666666666667%;\"><img decoding=\"async\" width=\"600\" height=\"400\" src=\"https:\/\/www.uqar.ca\/app\/uploads\/2024\/05\/equipement-station-aquicole.jpg\" class=\"-image-rounded\" alt=\"\" loading=\"eager\" sizes=\"(max-width: 600px) 100vw, 33.33vw\" srcset=\"https:\/\/www.uqar.ca\/app\/uploads\/2024\/05\/equipement-station-aquicole.jpg 600w, https:\/\/www.uqar.ca\/app\/uploads\/2024\/05\/equipement-station-aquicole-500x333.jpg 500w\" \/><\/span>                <\/div>\n                                                                            <div class=\"u-margin-bottom-sm u-margin-top-sm o-text -text-mg-sm\">\n                        <h4>Aquaculture station<\/h4>\n                    <\/div>\n                                                    <div class=\"o-text -text-mg-sm \">\n                        <p>ISMER-UQAR&#8217;s aquaculture station is a vital research tool for researchers working in disciplines where access to seawater is essential.<\/p>\n                    <\/div>\n                                                    <div class=\"o-button__container\">\n                                                    <a    class=\"o-button   \"\n            href=\"https:\/\/www.uqar.ca\/institut-des-sciences-de-la-mer-ismer\/equipements\/station-aquicole\/\"                    type=\"post\"    >\n    <span class=\"o-button__text\">Learn more<\/span>                        <span class=\"sr-only\">Redirection vers la page : Station Aquicole<\/span>                        <span class=\"o-button__icon\">\n            \t<svg aria-hidden=\"true\" focusable=\"false\" class=\"o-ico -icon-arrow-right\">\n\t\t<use xlink:href=\"https:\/\/www.uqar.ca\/app\/themes\/baserock\/assets\/img\/sprite.svg?v=db146dbaabe48619be#arrow-full-right\"><\/use>\n\t<\/svg>\n\t        <\/span>\n    <\/a>                                            <\/div>\n                                    <\/div>\n<\/div>                            <\/div>\n        <\/div>\n    <\/div>\n\n\n\n\n    <div class=\"o-block-stereo\">\n        <div class=\"c-bloc-list-entries\">\n            <div class=\"o-grid\">\n                                    \n<div class=\"o-grid-6\">\n    <div class=\"\">\n                                    <div class=\"u-margin-bottom-sm\">\n                    <span class=\"o-responsive-img  -image-rounded\" style=\"padding-top:66.666666666667%;\"><img decoding=\"async\" width=\"600\" height=\"400\" src=\"https:\/\/www.uqar.ca\/app\/uploads\/2024\/05\/equipement-laboratoire.jpg\" class=\"-image-rounded\" alt=\"\" loading=\"eager\" sizes=\"(max-width: 600px) 100vw, 33.33vw\" srcset=\"https:\/\/www.uqar.ca\/app\/uploads\/2024\/05\/equipement-laboratoire.jpg 600w, https:\/\/www.uqar.ca\/app\/uploads\/2024\/05\/equipement-laboratoire-500x333.jpg 500w\" \/><\/span>                <\/div>\n                                                                            <div class=\"u-margin-bottom-sm u-margin-top-sm o-text -text-mg-sm\">\n                        <h4>Laboratories and equipment<\/h4>\n                    <\/div>\n                                                    <div class=\"o-text -text-mg-sm \">\n                        <p>In addition to an array of high-performance oceanographic instruments, ISMER-UQAR boasts research infrastructures that position it as a leader in the vast field of marine sciences.<\/p>\n                    <\/div>\n                                                    <div class=\"o-button__container\">\n                                                    <a    class=\"o-button   \"\n            href=\"https:\/\/www.uqar.ca\/institut-des-sciences-de-la-mer-ismer\/equipements\/laboratoires-et-equipements\/\"                    type=\"post\"    >\n    <span class=\"o-button__text\">Learn more<\/span>                        <span class=\"sr-only\">Redirection vers la page : Laboratoires et \u00e9quipements<\/span>                        <span class=\"o-button__icon\">\n            \t<svg aria-hidden=\"true\" focusable=\"false\" class=\"o-ico -icon-arrow-right\">\n\t\t<use xlink:href=\"https:\/\/www.uqar.ca\/app\/themes\/baserock\/assets\/img\/sprite.svg?v=db146dbaabe48619be#arrow-full-right\"><\/use>\n\t<\/svg>\n\t        <\/span>\n    <\/a>                                            <\/div>\n                                    <\/div>\n<\/div>                                    \n<div class=\"o-grid-6\">\n    <div class=\"\">\n                                    <div class=\"u-margin-bottom-sm\">\n                    <span class=\"o-responsive-img  -image-rounded\" style=\"padding-top:66.666666666667%;\"><img decoding=\"async\" width=\"600\" height=\"400\" src=\"https:\/\/www.uqar.ca\/app\/uploads\/2024\/05\/equipement-acces-donnees.jpg\" class=\"-image-rounded\" alt=\"\" loading=\"eager\" sizes=\"(max-width: 600px) 100vw, 33.33vw\" srcset=\"https:\/\/www.uqar.ca\/app\/uploads\/2024\/05\/equipement-acces-donnees.jpg 600w, https:\/\/www.uqar.ca\/app\/uploads\/2024\/05\/equipement-acces-donnees-500x333.jpg 500w\" \/><\/span>                <\/div>\n                                                                            <div class=\"u-margin-bottom-sm u-margin-top-sm o-text -text-mg-sm\">\n                        <h4>Access to oceanographic data<\/h4>\n                    <\/div>\n                                                    <div class=\"o-text -text-mg-sm \">\n                        <p>ISMER-UQAR archives and provides access to oceanographic data.<\/p>\n                    <\/div>\n                                                    <div class=\"o-button__container\">\n                                                    <a    class=\"o-button   \"\n            href=\"https:\/\/www.uqar.ca\/institut-des-sciences-de-la-mer-ismer\/equipements\/acces-aux-donnees-oceanographies\/\"                    type=\"post\"    >\n    <span class=\"o-button__text\">Learn more<\/span>                        <span class=\"sr-only\">Redirection vers la page : Acc\u00e8s aux donn\u00e9es oc\u00e9anographiques<\/span>                        <span class=\"o-button__icon\">\n            \t<svg aria-hidden=\"true\" focusable=\"false\" class=\"o-ico -icon-arrow-right\">\n\t\t<use xlink:href=\"https:\/\/www.uqar.ca\/app\/themes\/baserock\/assets\/img\/sprite.svg?v=db146dbaabe48619be#arrow-full-right\"><\/use>\n\t<\/svg>\n\t        <\/span>\n    <\/a>                                            <\/div>\n                                    <\/div>\n<\/div>                            <\/div>\n        <\/div>\n    <\/div>\n\n\n\n\n    <div class=\"o-block-stereo\">\n        <div class=\"c-bloc-list-entries\">\n            <div class=\"o-grid\">\n                                    \n<div class=\"o-grid-12\">\n    <div class=\"o-grid\">\n                    <div class=\"o-grid-6\">\n                                        <div class=\"\">\n                    <span class=\"o-responsive-img  -image-rounded\" style=\"padding-top:66.666666666667%;\"><img decoding=\"async\" width=\"600\" height=\"400\" src=\"https:\/\/www.uqar.ca\/app\/uploads\/2024\/05\/equipement-mars.jpg\" class=\"-image-rounded\" alt=\"\" loading=\"eager\" sizes=\"(max-width: 600px) 100vw, 33.33vw\" srcset=\"https:\/\/www.uqar.ca\/app\/uploads\/2024\/05\/equipement-mars.jpg 600w, https:\/\/www.uqar.ca\/app\/uploads\/2024\/05\/equipement-mars-500x333.jpg 500w\" \/><\/span>                <\/div>\n                                    <\/div>\n            <div class=\"o-grid-6 -grid-middle\">\n                <div class=\"\">\n                                                                    <div class=\"u-margin-bottom-sm u-margin-top-sm o-text -text-mg-sm\">\n                        <h4>Marine Acoustics Research Station<\/h4>\n                    <\/div>\n                                                    <div class=\"o-text -text-mg-sm \">\n                        <p>The Marine Acoustics Research Station (MARS) is part of a world-class applied research project to understand and measure the underwater noise radiated by ships and to propose appropriate methods for its reduction. This project is in collaboration with Canadian shipowners and regulators. It is co-directed by the Institut des sciences de la mer of the Universit\u00e9 du Qu\u00e9bec \u00e0 Rimouski (ISMER-UQAR) and the Centre de recherche appliqu\u00e9e Innovation maritime (IMAR), with support from Multi\u00c9lectronique, OpDAQ, and shipowners Algoma, CSL, Desgagn\u00e9s, and Fednav.<\/p>\n                    <\/div>\n                                                    <div class=\"o-button__container\">\n                                                    <a    class=\"o-button   \"\n            href=\"https:\/\/www.projet-mars.ca\/plateformes-equipements\"        target=\"_blank\"            type=\"url\"    >\n    <span class=\"o-button__text\">Learn more<\/span>                        <span class=\"sr-only\">Redirection vers la page : Station de recherche en acoustique marime<\/span>                        <span class=\"o-button__icon\">\n            \t<svg aria-hidden=\"true\" focusable=\"false\" class=\"o-ico -icon-arrow-right\">\n\t\t<use xlink:href=\"https:\/\/www.uqar.ca\/app\/themes\/baserock\/assets\/img\/sprite.svg?v=db146dbaabe48619be#arrow-full-right\"><\/use>\n\t<\/svg>\n\t        <\/span>\n    <\/a>                                            <\/div>\n                                                <\/div>\n            <\/div>\n            <\/div>\n<\/div>                            <\/div>\n        <\/div>\n    <\/div>\n<\/div><\/div><\/section>\n","protected":false},"excerpt":{"rendered":"","protected":false},"author":123,"featured_media":0,"parent":61453,"menu_order":3,"comment_status":"closed","ping_status":"closed","template":"t-microsite.php","meta":{"_acf_changed":false,"_relevanssi_hide_post":"","_relevanssi_hide_content":"","_relevanssi_pin_for_all":"","_relevanssi_pin_keywords":"","_relevanssi_unpin_keywords":"","_relevanssi_related_keywords":"","_relevanssi_related_include_ids":"","_relevanssi_related_exclude_ids":"","_relevanssi_related_no_append":"","_relevanssi_related_not_related":"","_relevanssi_related_posts":"","_relevanssi_noindex_reason":"","footnotes":""},"class_list":["post-61760","page","type-page","status-publish","hentry"],"acf":[],"_links":{"self":[{"href":"https:\/\/www.uqar.ca\/en\/wp-json\/wp\/v2\/pages\/61760","targetHints":{"allow":["GET"]}}],"collection":[{"href":"https:\/\/www.uqar.ca\/en\/wp-json\/wp\/v2\/pages"}],"about":[{"href":"https:\/\/www.uqar.ca\/en\/wp-json\/wp\/v2\/types\/page"}],"author":[{"embeddable":true,"href":"https:\/\/www.uqar.ca\/en\/wp-json\/wp\/v2\/users\/123"}],"replies":[{"embeddable":true,"href":"https:\/\/www.uqar.ca\/en\/wp-json\/wp\/v2\/comments?post=61760"}],"version-history":[{"count":2,"href":"https:\/\/www.uqar.ca\/en\/wp-json\/wp\/v2\/pages\/61760\/revisions"}],"predecessor-version":[{"id":63118,"href":"https:\/\/www.uqar.ca\/en\/wp-json\/wp\/v2\/pages\/61760\/revisions\/63118"}],"up":[{"embeddable":true,"href":"https:\/\/www.uqar.ca\/en\/wp-json\/wp\/v2\/pages\/61453"}],"wp:attachment":[{"href":"https:\/\/www.uqar.ca\/en\/wp-json\/wp\/v2\/media?parent=61760"}],"curies":[{"name":"wp","href":"https:\/\/api.w.org\/{rel}","templated":true}]}}