{"id":61762,"date":"2024-03-28T14:58:37","date_gmt":"2024-03-28T18:58:37","guid":{"rendered":"https:\/\/www.uqar.ca\/?page_id=61762"},"modified":"2025-01-27T10:22:40","modified_gmt":"2025-01-27T15:22:40","slug":"coriolis-ii-vessel","status":"publish","type":"page","link":"https:\/\/www.uqar.ca\/en\/the-institut-des-sciences-de-la-mer-of-the-universite-du-quebec-a-rimouski-ismer-uqar\/facilities\/coriolis-ii-vessel\/","title":{"rendered":"Coriolis II vessel"},"content":{"rendered":"\n<section class=\"wp-block-stereo-section-bloc has-u-theme-2-background-color has-background section-block-normal\"><div class=\"wp-block-stereo-section__container\"><div class=\"wp-block-stereo-section__col is-layout-flow wp-block-stereo-section-bloc-is-layout-flow\">\n            <section class=\"o-section-slider o-section-overflow-hidden o-section-mg-right\">\n                        <div class=\"c-slider__wrapper  \">\n                <!-- Slider main container -->\n                <div class=\"swiper c-slider  \" data-module=\"Slider\" data-type=\"ratio\">\n                    <!-- Additional required wrapper -->\n                    <div class=\"swiper-wrapper\">\n                        <!-- Slides -->\n                                                                                                                        <div class=\"swiper-slide\">\n    <span class=\"o-responsive-img__wrap\">\n        <span class=\"o-responsive-img  -image-rounded\" style=\"padding-top:49.473684210526%;\"><img fetchpriority=\"high\" decoding=\"async\" width=\"1140\" height=\"564\" src=\"https:\/\/www.uqar.ca\/app\/uploads\/2024\/05\/coriolisii-carrousel4.jpg\" class=\"-image-rounded\" alt=\"\" loading=\"eager\" sizes=\"(max-width: 600px) 100vw, 83.33vw\" srcset=\"https:\/\/www.uqar.ca\/app\/uploads\/2024\/05\/coriolisii-carrousel4.jpg 1140w, https:\/\/www.uqar.ca\/app\/uploads\/2024\/05\/coriolisii-carrousel4-1024x507.jpg 1024w, https:\/\/www.uqar.ca\/app\/uploads\/2024\/05\/coriolisii-carrousel4-500x247.jpg 500w, https:\/\/www.uqar.ca\/app\/uploads\/2024\/05\/coriolisii-carrousel4-768x380.jpg 768w\" \/><\/span>                            <div class=\"o-credit u-bg-color-white u-color-3 u-padding-xs u-border-radius\">\n                <em>Source : Marie Guilpin <\/em>\n            <\/div>\n            <\/span>\n        <\/div>                                                                                                                                <div class=\"swiper-slide\">\n    <span class=\"o-responsive-img__wrap\">\n        <span class=\"o-responsive-img  -image-rounded\" style=\"padding-top:49.473684210526%;\"><img decoding=\"async\" width=\"1140\" height=\"564\" src=\"https:\/\/www.uqar.ca\/app\/uploads\/2024\/05\/coriolisii-carrousel.jpg\" class=\"-image-rounded\" alt=\"\" loading=\"eager\" sizes=\"(max-width: 600px) 100vw, 83.33vw\" srcset=\"https:\/\/www.uqar.ca\/app\/uploads\/2024\/05\/coriolisii-carrousel.jpg 1140w, https:\/\/www.uqar.ca\/app\/uploads\/2024\/05\/coriolisii-carrousel-1024x507.jpg 1024w, https:\/\/www.uqar.ca\/app\/uploads\/2024\/05\/coriolisii-carrousel-500x247.jpg 500w, https:\/\/www.uqar.ca\/app\/uploads\/2024\/05\/coriolisii-carrousel-768x380.jpg 768w\" \/><\/span>                    <\/span>\n        <\/div>                                                                                                                                <div class=\"swiper-slide\">\n    <span class=\"o-responsive-img__wrap\">\n        <span class=\"o-responsive-img  -image-rounded\" style=\"padding-top:49.473684210526%;\"><img decoding=\"async\" width=\"1140\" height=\"564\" src=\"https:\/\/www.uqar.ca\/app\/uploads\/2024\/05\/coriolisii-carrousel2.jpg\" class=\"-image-rounded\" alt=\"\" loading=\"eager\" sizes=\"(max-width: 600px) 100vw, 83.33vw\" srcset=\"https:\/\/www.uqar.ca\/app\/uploads\/2024\/05\/coriolisii-carrousel2.jpg 1140w, https:\/\/www.uqar.ca\/app\/uploads\/2024\/05\/coriolisii-carrousel2-1024x507.jpg 1024w, https:\/\/www.uqar.ca\/app\/uploads\/2024\/05\/coriolisii-carrousel2-500x247.jpg 500w, https:\/\/www.uqar.ca\/app\/uploads\/2024\/05\/coriolisii-carrousel2-768x380.jpg 768w\" \/><\/span>                    <\/span>\n        <\/div>                                                                                                        <\/div>\n\n                    <!-- If we need navigation buttons -->\n                    <div class=\"swiper-button-prev\">\n                        \t<svg aria-hidden=\"true\" focusable=\"false\" class=\"o-ico \">\n\t\t<use xlink:href=\"https:\/\/www.uqar.ca\/app\/themes\/baserock\/assets\/img\/sprite.svg?v=656c1ebaabe48619be#arrow-left\"><\/use>\n\t<\/svg>\n\t                    <\/div>\n                    <div class=\"swiper-button-next\">\n                        \t<svg aria-hidden=\"true\" focusable=\"false\" class=\"o-ico \">\n\t\t<use xlink:href=\"https:\/\/www.uqar.ca\/app\/themes\/baserock\/assets\/img\/sprite.svg?v=656c1ebaabe48619be#arrow-right\"><\/use>\n\t<\/svg>\n\t                    <\/div>\n                <\/div>\n            <\/div>\n                    <\/section>\n    <\/div><\/div><\/section>\n\n\n\n<section class=\"wp-block-stereo-section-bloc has-u-theme-3-color has-u-theme-2-background-color has-text-color has-background has-link-color section-block-normal wp-elements-c7045bb1d4406f4fd3e79038ee385a54\"><div class=\"wp-block-stereo-section__container\"><div class=\"wp-block-stereo-section__col is-layout-flow wp-block-stereo-section-bloc-is-layout-flow\">\n<h3 class=\"wp-block-heading\">A true floating laboratory, the <em>Coriolis II<\/em> has spaces dedicated exclusively to research work. Its laboratories can accommodate multidisciplinary research teams of up to 14 scientists in addition to the ship&#8217;s regular crew. It meets the highest maritime certification standards and can sail anywhere in the world.<\/h3>\n\n\n\n<p>Oceanography and marine sciences require the use of research vessels, which are essential for taking samples to understand the oceanographic phenomena that govern coastal and offshore ecosystems. The ship is becoming a vital tool for all oceanographic disciplines.<\/p>\n\n\n\n<p>The Universit\u00e9 du Qu\u00e9bec \u00e0 Rimouski, in partnership with Universit\u00e9 Laval, McGill University, and the Universit\u00e9 du Qu\u00e9bec \u00e0 Montr\u00e9al, acquired and converted the CCGS John Jacobson in 2011 using a CFI\/MEQ grant of over $10 million. The vessel was launched in the fall of 2012, giving researchers access to the coastal waters off eastern Canada.<\/p>\n\n\n\n<p>\u00a0<\/p>\n<\/div><\/div><\/section>\n\n\n\n<section class=\"wp-block-stereo-section-bloc has-u-theme-2-color has-u-theme-3-background-color has-text-color has-background has-link-color section-block-normal wp-elements-c187e74bcfa6f26f82016d16019f7cd3\"><div class=\"wp-block-stereo-section__container\"><div class=\"wp-block-stereo-section__col is-layout-flow wp-block-stereo-section-bloc-is-layout-flow\">\n<h2 class=\"wp-block-heading\">Vessel operations are the responsibility of <a href=\"http:\/\/www.reformar.ca\/\">REFORMAR.<\/a><\/h2>\n\n\n\n    <div class=\"o-button__container\">\n                    <div class=\"o-button__item\">\n            <a    class=\"o-button   \"\n            href=\"https:\/\/www.youtube.com\/watch?v=XvJ1XeJiLqM&#038;hd=1\"        target=\"_blank\"            type=\"url\"    >\n    <span class=\"o-button__text\">Video of the Coriolis II <\/span>                        <span class=\"sr-only\">Redirection vers l&#8217;url : https:\/\/www.youtube.com\/watch?v=XvJ1XeJiLqM&#038;hd=1<\/span>                        <span class=\"o-button__icon\">\n            \t<svg aria-hidden=\"true\" focusable=\"false\" class=\"o-ico -icon-arrow-right\">\n\t\t<use xlink:href=\"https:\/\/www.uqar.ca\/app\/themes\/baserock\/assets\/img\/sprite.svg?v=656c1ebaabe48619be#arrow-full-right\"><\/use>\n\t<\/svg>\n\t        <\/span>\n    <\/a>            <\/div>\n            <\/div>\n<\/div><\/div><\/section>\n","protected":false},"excerpt":{"rendered":"<p>A true floating laboratory, the Coriolis II has spaces dedicated exclusively to research work. Its laboratories can accommodate multidisciplinary research teams of up to 14 scientists in addition to the ship&#8217;s regular crew. It meets the highest maritime certification standards and can sail anywhere in the world. Oceanography and marine sciences require the use of [&hellip;]<\/p>\n","protected":false},"author":123,"featured_media":0,"parent":61760,"menu_order":0,"comment_status":"closed","ping_status":"closed","template":"t-microsite.php","meta":{"_acf_changed":false,"_relevanssi_hide_post":"","_relevanssi_hide_content":"","_relevanssi_pin_for_all":"","_relevanssi_pin_keywords":"","_relevanssi_unpin_keywords":"","_relevanssi_related_keywords":"","_relevanssi_related_include_ids":"","_relevanssi_related_exclude_ids":"","_relevanssi_related_no_append":"","_relevanssi_related_not_related":"","_relevanssi_related_posts":"","_relevanssi_noindex_reason":"","footnotes":""},"class_list":["post-61762","page","type-page","status-publish","hentry"],"acf":[],"_links":{"self":[{"href":"https:\/\/www.uqar.ca\/en\/wp-json\/wp\/v2\/pages\/61762","targetHints":{"allow":["GET"]}}],"collection":[{"href":"https:\/\/www.uqar.ca\/en\/wp-json\/wp\/v2\/pages"}],"about":[{"href":"https:\/\/www.uqar.ca\/en\/wp-json\/wp\/v2\/types\/page"}],"author":[{"embeddable":true,"href":"https:\/\/www.uqar.ca\/en\/wp-json\/wp\/v2\/users\/123"}],"replies":[{"embeddable":true,"href":"https:\/\/www.uqar.ca\/en\/wp-json\/wp\/v2\/comments?post=61762"}],"version-history":[{"count":1,"href":"https:\/\/www.uqar.ca\/en\/wp-json\/wp\/v2\/pages\/61762\/revisions"}],"predecessor-version":[{"id":61763,"href":"https:\/\/www.uqar.ca\/en\/wp-json\/wp\/v2\/pages\/61762\/revisions\/61763"}],"up":[{"embeddable":true,"href":"https:\/\/www.uqar.ca\/en\/wp-json\/wp\/v2\/pages\/61760"}],"wp:attachment":[{"href":"https:\/\/www.uqar.ca\/en\/wp-json\/wp\/v2\/media?parent=61762"}],"curies":[{"name":"wp","href":"https:\/\/api.w.org\/{rel}","templated":true}]}}