{"id":61777,"date":"2024-03-28T14:48:50","date_gmt":"2024-03-28T18:48:50","guid":{"rendered":"https:\/\/www.uqar.ca\/?page_id=61777"},"modified":"2025-02-20T08:08:59","modified_gmt":"2025-02-20T13:08:59","slug":"the-institute","status":"publish","type":"page","link":"https:\/\/www.uqar.ca\/en\/the-institut-des-sciences-de-la-mer-of-the-universite-du-quebec-a-rimouski-ismer-uqar\/about\/the-institute\/","title":{"rendered":"The Institute"},"content":{"rendered":"\n<section class=\"wp-block-stereo-section-bloc has-u-theme-2-background-color has-background section-block-small\"><div class=\"wp-block-stereo-section__container\"><div class=\"wp-block-stereo-section__col is-layout-flow wp-block-stereo-section-bloc-is-layout-flow\">\n<div class=\"wp-block-group is-layout-constrained wp-block-group-is-layout-constrained\">\n<h4 class=\"wp-block-heading\">As the foremost French-language academic research institute of marine sciences in North America, ISMER-UQAR comprises a critical mass of researchers and students from diverse disciplinary backgrounds. These specialists are dedicated to discovering and advancing knowledge concerning marine and coastal environments within a perspective of sustainable development.<\/h4>\n\n\n\n<p>Affiliated with the Universit\u00e9 du Qu\u00e9bec \u00e0 Rimouski (UQAR), ISMER comprises a community of experts in biology, chemistry, physics, and geology. The institute is particularly interested in the functioning of marine ecosystems in the context of climate change, the impacts of human activities, enhancing the value of marine bioresources, and the study of marine geology and natural risks. Research conducted by ISMER professors and students spans the globe, from the Arctic to Africa and Argentina.<\/p>\n\n\n\n<p>The institute&#8217;s mission is to contribute to the discovery and advancement of fundamental and applied knowledge concerning marine and coastal environments with the aim of assessing the scope of human activities on the environment and its resources.<\/p>\n\n\n\n<p>Arising from the merger of UQAR\u2019s Oceanography Department and INRS-Oceanology, ISMER officially began its activities on 1 March 1999. At its inception, the Institute had 14 professors. Today, it has 23 research professor positions and 45 associate professors.<\/p>\n<\/div>\n<\/div><\/div><\/section>\n\n\n\n<section class=\"wp-block-stereo-section-bloc has-u-theme-2-background-color has-background section-block-small\"><div class=\"wp-block-stereo-section__container\"><div class=\"wp-block-stereo-section__col is-layout-flow wp-block-stereo-section-bloc-is-layout-flow\">\n            <section class=\"o-section-slider o-section-overflow-hidden o-section-mg-right\">\n                        <div class=\"c-slider__wrapper  \">\n                <!-- Slider main container -->\n                <div class=\"swiper c-slider  \" data-module=\"Slider\" data-type=\"ratio\">\n                    <!-- Additional required wrapper -->\n                    <div class=\"swiper-wrapper\">\n                        <!-- Slides -->\n                                                                                                                        <div class=\"swiper-slide\">\n    <span class=\"o-responsive-img__wrap\">\n        <span class=\"o-responsive-img  -image-rounded\" style=\"padding-top:49.473684210526%;\"><img fetchpriority=\"high\" decoding=\"async\" width=\"1920\" height=\"950\" src=\"https:\/\/www.uqar.ca\/app\/uploads\/2024\/05\/01-carrousel-a-propos-institut.jpg\" class=\"-image-rounded\" alt=\"\" loading=\"eager\" sizes=\"(max-width: 600px) 100vw, 83.33vw\" srcset=\"https:\/\/www.uqar.ca\/app\/uploads\/2024\/05\/01-carrousel-a-propos-institut.jpg 1920w, https:\/\/www.uqar.ca\/app\/uploads\/2024\/05\/01-carrousel-a-propos-institut-1024x507.jpg 1024w, https:\/\/www.uqar.ca\/app\/uploads\/2024\/05\/01-carrousel-a-propos-institut-500x247.jpg 500w, https:\/\/www.uqar.ca\/app\/uploads\/2024\/05\/01-carrousel-a-propos-institut-768x380.jpg 768w, https:\/\/www.uqar.ca\/app\/uploads\/2024\/05\/01-carrousel-a-propos-institut-1536x760.jpg 1536w\" \/><\/span>                    <\/span>\n        <\/div>                                                                                                                                <div class=\"swiper-slide\">\n    <span class=\"o-responsive-img__wrap\">\n        <span class=\"o-responsive-img  -image-rounded\" style=\"padding-top:49.473684210526%;\"><img decoding=\"async\" width=\"1920\" height=\"950\" src=\"https:\/\/www.uqar.ca\/app\/uploads\/2024\/05\/02-carrousel-a-propos-institut.jpg\" class=\"-image-rounded\" alt=\"\" loading=\"eager\" sizes=\"(max-width: 600px) 100vw, 83.33vw\" srcset=\"https:\/\/www.uqar.ca\/app\/uploads\/2024\/05\/02-carrousel-a-propos-institut.jpg 1920w, https:\/\/www.uqar.ca\/app\/uploads\/2024\/05\/02-carrousel-a-propos-institut-1024x507.jpg 1024w, https:\/\/www.uqar.ca\/app\/uploads\/2024\/05\/02-carrousel-a-propos-institut-500x247.jpg 500w, https:\/\/www.uqar.ca\/app\/uploads\/2024\/05\/02-carrousel-a-propos-institut-768x380.jpg 768w, https:\/\/www.uqar.ca\/app\/uploads\/2024\/05\/02-carrousel-a-propos-institut-1536x760.jpg 1536w\" \/><\/span>                    <\/span>\n        <\/div>                                                                                                                                <div class=\"swiper-slide\">\n    <span class=\"o-responsive-img__wrap\">\n        <span class=\"o-responsive-img  -image-rounded\" style=\"padding-top:49.473684210526%;\"><img decoding=\"async\" width=\"1920\" height=\"950\" src=\"https:\/\/www.uqar.ca\/app\/uploads\/2024\/05\/03-carrousel-a-propos-institut.jpg\" class=\"-image-rounded\" alt=\"\" loading=\"eager\" sizes=\"(max-width: 600px) 100vw, 83.33vw\" srcset=\"https:\/\/www.uqar.ca\/app\/uploads\/2024\/05\/03-carrousel-a-propos-institut.jpg 1920w, https:\/\/www.uqar.ca\/app\/uploads\/2024\/05\/03-carrousel-a-propos-institut-1024x507.jpg 1024w, https:\/\/www.uqar.ca\/app\/uploads\/2024\/05\/03-carrousel-a-propos-institut-500x247.jpg 500w, https:\/\/www.uqar.ca\/app\/uploads\/2024\/05\/03-carrousel-a-propos-institut-768x380.jpg 768w, https:\/\/www.uqar.ca\/app\/uploads\/2024\/05\/03-carrousel-a-propos-institut-1536x760.jpg 1536w\" \/><\/span>                    <\/span>\n        <\/div>                                                                                                        <\/div>\n\n                    <!-- If we need navigation buttons -->\n                    <div class=\"swiper-button-prev\">\n                        \t<svg aria-hidden=\"true\" focusable=\"false\" class=\"o-ico \">\n\t\t<use xlink:href=\"https:\/\/www.uqar.ca\/app\/themes\/baserock\/assets\/img\/sprite.svg?v=db146dbaabe48619be#arrow-left\"><\/use>\n\t<\/svg>\n\t                    <\/div>\n                    <div class=\"swiper-button-next\">\n                        \t<svg aria-hidden=\"true\" focusable=\"false\" class=\"o-ico \">\n\t\t<use xlink:href=\"https:\/\/www.uqar.ca\/app\/themes\/baserock\/assets\/img\/sprite.svg?v=db146dbaabe48619be#arrow-right\"><\/use>\n\t<\/svg>\n\t                    <\/div>\n                <\/div>\n            <\/div>\n                    <\/section>\n    <\/div><\/div><\/section>\n\n\n\n<section class=\"wp-block-stereo-section-bloc has-u-theme-2-background-color has-background section-block-small\"><div class=\"wp-block-stereo-section__container\"><div class=\"wp-block-stereo-section__col is-layout-flow wp-block-stereo-section-bloc-is-layout-flow\">\n<div class=\"wp-block-group is-layout-constrained wp-block-group-is-layout-constrained\">\n<div class=\"c-bloc-stats\">\n            <div class=\"o-grid -y-sm c-stats\">\n                                                                    <div class=\"o-grid-4 c-stats__item\">\n                        <div class=\"c-stats__inner u-border-radius u-padding\" data-module=\"Stats\" style=\"container-type: inline-size;\">\n                            <div class=\"c-stats__number__wrap\">\n                                                                    <span class=\"o-title-2 c-stats__number js-stats-number\" data-number=\"100\">\n                                        0\n                                    <\/span>\n                                                            <\/div>\n                                                            <div class=\"c-stats__description u-padding-top\">\n                                    <span class=\"o-title-5\">\n                                        Graduate students                                    <\/span>\n                                <\/div>\n                                                    <\/div>\n                    <\/div>\n                                                                                    <div class=\"o-grid-4 c-stats__item\">\n                        <div class=\"c-stats__inner u-border-radius u-padding\" data-module=\"Stats\" style=\"container-type: inline-size;\">\n                            <div class=\"c-stats__number__wrap\">\n                                                                    <span class=\"o-title-2 c-stats__number js-stats-number\" data-number=\"589\">\n                                        0\n                                    <\/span>\n                                                            <\/div>\n                                                            <div class=\"c-stats__description u-padding-top\">\n                                    <span class=\"o-title-5\">\n                                        Graduates                                    <\/span>\n                                <\/div>\n                                                    <\/div>\n                    <\/div>\n                                                                                    <div class=\"o-grid-4 c-stats__item\">\n                        <div class=\"c-stats__inner u-border-radius u-padding\" data-module=\"Stats\" style=\"container-type: inline-size;\">\n                            <div class=\"c-stats__number__wrap\">\n                                                                    <span class=\"o-title-2 c-stats__number js-stats-number\" data-number=\"23\">\n                                        0\n                                    <\/span>\n                                                            <\/div>\n                                                            <div class=\"c-stats__description u-padding-top\">\n                                    <span class=\"o-title-5\">\n                                        Research professor positions                                    <\/span>\n                                <\/div>\n                                                    <\/div>\n                    <\/div>\n                                                                                    <div class=\"o-grid-4 c-stats__item\">\n                        <div class=\"c-stats__inner u-border-radius u-padding\" data-module=\"Stats\" style=\"container-type: inline-size;\">\n                            <div class=\"c-stats__number__wrap\">\n                                                                    <span class=\"o-title-2 c-stats__number js-stats-number\" data-number=\"45\">\n                                        0\n                                    <\/span>\n                                                            <\/div>\n                                                            <div class=\"c-stats__description u-padding-top\">\n                                    <span class=\"o-title-5\">\n                                        Associate professors                                    <\/span>\n                                <\/div>\n                                                    <\/div>\n                    <\/div>\n                                                                                    <div class=\"o-grid-4 c-stats__item\">\n                        <div class=\"c-stats__inner u-border-radius u-padding\" data-module=\"Stats\" style=\"container-type: inline-size;\">\n                            <div class=\"c-stats__number__wrap\">\n                                                                    <span class=\"o-title-2 c-stats__number js-stats-number\" data-number=\"25\">\n                                        0\n                                    <\/span>\n                                                            <\/div>\n                                                            <div class=\"c-stats__description u-padding-top\">\n                                    <span class=\"o-title-5\">\n                                        Professional staff                                    <\/span>\n                                <\/div>\n                                                    <\/div>\n                    <\/div>\n                                    <\/div>\n    <\/div><\/div>\n<\/div><\/div><\/section>\n\n\n\n<section class=\"wp-block-stereo-section-bloc has-u-theme-2-background-color has-background section-block-small\"><div class=\"wp-block-stereo-section__container\"><div class=\"wp-block-stereo-section__col is-layout-flow wp-block-stereo-section-bloc-is-layout-flow\">\n<div class=\"wp-block-group is-layout-constrained wp-block-group-is-layout-constrained\">\n<h4 class=\"wp-block-heading\">A Multidisciplinary Approach is Key to Its Mission<\/h4>\n\n\n\n<p>The fundamental mission of ISMER-UQAR is to address questions concerning the sustainable use and exploitation of marine environments and to help solve emerging problems through fundamental and applied research and by the training of highly qualified personnel at the graduate level. The multidisciplinary approach adopted by ISMER-UQAR, which is the basis of its uniqueness and strength, primarily aims to:<\/p>\n\n\n\n<ul class=\"wp-block-list\">\n<li><em>Observe<\/em> the biotic and abiotic characteristics of marine and coastal environments and systems;<\/li>\n\n\n\n<li><em>Understand<\/em> the functioning of these systems and the effect of multiple anthropogenic disturbances on their functioning;<\/li>\n\n\n\n<li><em>Anticipate<\/em> changes that are occurring and will occur, particularly due to climate change and increasing human pressure.<\/li>\n<\/ul>\n<\/div>\n<\/div><\/div><\/section>\n\n\n\n<section class=\"wp-block-stereo-section-bloc has-u-theme-2-background-color has-background section-block-small\"><div class=\"wp-block-stereo-section__container\"><div class=\"wp-block-stereo-section__col is-layout-flow wp-block-stereo-section-bloc-is-layout-flow\">\n<div class=\"wp-block-group is-layout-constrained wp-block-group-is-layout-constrained\">\n\n    <div class=\"o-block-stereo o-block-stereo-img-credit\">\n        <div class=\"c-bloc-image\">\n            <div class=\"c-bloc-image__inner -img-full-width \"> \n                                <img loading=\"lazy\" decoding=\"async\" width=\"1140\" height=\"760\" src=\"https:\/\/www.uqar.ca\/app\/uploads\/2024\/04\/coriolis-1140px-x-760px.jpg\" class=\"attachment-full size-full\" alt=\"\" srcset=\"https:\/\/www.uqar.ca\/app\/uploads\/2024\/04\/coriolis-1140px-x-760px.jpg 1140w, https:\/\/www.uqar.ca\/app\/uploads\/2024\/04\/coriolis-1140px-x-760px-1024x683.jpg 1024w, https:\/\/www.uqar.ca\/app\/uploads\/2024\/04\/coriolis-1140px-x-760px-500x333.jpg 500w, https:\/\/www.uqar.ca\/app\/uploads\/2024\/04\/coriolis-1140px-x-760px-768x512.jpg 768w\" sizes=\"auto, (max-width: 1140px) 100vw, 1140px\" \/>                            <\/div>\n                    <\/div>\n    <\/div>\n\n\n\n<h4 class=\"wp-block-heading\">Exceptional Advancements Since Its Creation<\/h4>\n\n\n\n<p>In 2001, the Universit\u00e9 du Qu\u00e9bec \u00e0 Rimouski, in partnership with Universit\u00e9 Laval, McGill University, and the Universit\u00e9 du Qu\u00e9bec \u00e0 Montr\u00e9al, acquired the Coriolis II through a grant from the Canada Foundation for Innovation (CFI). This ultra-modern 50-metre vessel began operations in the fall of 2002, becoming the only university oceanographic research vessel available for conducting research in the coastal waters of eastern Canada.<\/p>\n\n\n\n<p>Since its inception, ISMER-UQAR has obtained three Canada Research Chairs, a UNESCO Chair, and two chairs in partnership with the Department of Fisheries and Oceans. In addition, it has hosted strategic groups such as the network Ressources Aquatiques Qu\u00e9bec(RAQ) and the interinstitutional Qu\u00e9bec-Oc\u00e9an oceanographic research group. Marine geology researchers from ISMER have also become members of the R\u00e9seau interuniversitaire qu\u00e9b\u00e9cois de formation avanc\u00e9e et de recherche en sciences du globe (G\u00c9OTOP). ISMER researchers participate in the ArcticNet and MEOPAR (Marine Environmental Observation Prediction and Response) centres of excellence.<\/p>\n\n\n\n<p>ISMER has played a key role in developing marine sciences in Eastern Quebec and in the creation of the Technopole maritime du Qu\u00e9bec, the Centre de recherche sur les biotechnologies marines (CRBM), the Interdisciplinary Centre for the Development of Ocean Mapping , Innovation Maritime, and the St. Lawrence Global Observatory (SLGO).<\/p>\n\n\n\n<p>Building on this development and committed to strengthening collaborations between different members, UQAR and ISMER proposed and implemented the R\u00e9seau Qu\u00e9bec Maritime (RQM). Its mission is to unite and stimulate research and innovation in different maritime domains via sustainable development, thereby contributing to overall innovation. The Quebec government has also entrusted RQM with managing the Institut France-Qu\u00e9bec pour la coop\u00e9ration scientifique en appui au secteur maritime.<\/p>\n\n\n\n<p>In terms of research funding, ISMER-UQAR has distinguished itself by quadrupling research and development grants and sponsorships since its creation, reaching 4.5 million dollars for the 2016\u20132017 fiscal year, not including funds related to infrastructure. The research success of its professors and the funding obtained have contributed to UQAR&#8217;s excellent research ranking among Canadian universities in its category.<\/p>\n\n\n\n<p>These achievements are built on the national and international recognition of faculty expertise and the excellent training of highly qualified personnel. With these solid foundations and strong leadership, UQAR and ISMER continue to progress with commitment and innovation.<\/p>\n<\/div>\n<\/div><\/div><\/section>\n\n\n\n<section class=\"wp-block-stereo-section-bloc has-u-theme-2-background-color has-background section-block-small\"><div class=\"wp-block-stereo-section__container\"><div class=\"wp-block-stereo-section__col is-layout-flow wp-block-stereo-section-bloc-is-layout-flow\">\n<div class=\"wp-block-group is-layout-constrained wp-block-group-is-layout-constrained\">\n<h4 class=\"wp-block-heading\">Nearly 50 Years of Marine Science Research<\/h4>\n\n\n\n<p>Since the founding of the Universit\u00e9 du Qu\u00e9bec \u00e0 Rimouski, understanding the maritime environment has emerged as an essential area of study and research.<\/p>\n\n\n\n<p>Oceanographic research began in 1970 with the formation of the Groupe interuniversitaire de recherche en oc\u00e9anographie du Qu\u00e9bec (GIROQ), which brought together researchers from Laval, McGill, and Montreal universities as well as Fisheries and Oceans Canada.<\/p>\n\n\n\n<p>In May 1972, the Institut national de la recherche scientifique (INRS) signed a cooperation agreement with the Centre d\u2019\u00e9tudes universitaires de Rimouski (which became UQAR the following year) in which it committed to the creation of an oceanographic research centre that would train personnel and increase research in marine sciences in Rimouski.<\/p>\n\n\n\n<p>In September 1973, six students were accepted into the master&#8217;s program in oceanography\u2014UQAR&#8217;s first master\u2019s-level program. In October of the same year, the first international symposium on oceanographic research was held.<\/p>\n\n\n\n<p>In 1978, the research activities of UQAR\u2019s Oceanography Section had advanced to the degree that UQAR saw the need to create the Oceanography Department, entirely dedicated to marine sciences. The development of teaching and research activities subsequently led to a doctoral program in oceanography in 1982, which was the first doctoral program offered at UQAR.<\/p>\n\n\n\n<p>The increasing number of researchers and graduate students led to the creation and expansion of an oceanographic laboratory, the building of an aquaculture station, and the acquisition of a first research vessel in 1989, the R\/V Alcide C. Horth. Being well-equipped for work in the St. Lawrence Estuary and Saguenay Fjord, this vessel greatly increased sea expeditions with student participation and provided a sampling platform, particularly for biologists and chemists.<\/p>\n\n\n\n<p>In 1990, researchers from UQAR\u2019s Oceanography Department and INRS-Oceanology joined to form the Centre Oc\u00e9anographique de Rimouski , which allowed the harmonization of scientific programming, increased joint research activities, and led to the signing of a series of agreements related to governance, teaching, research, and international publicity.<\/p>\n\n\n\n<p>The Groupe de recherche en environnement c\u00f4tier was formed in 1994, largely because researchers with related interests wished to collaborate as opposed to being based on administrative considerations. Its recognition by Quebec\u2019s scientific community eventually led to the establishment of the Institut des sciences de la mer de Rimouski.<\/p>\n\n\n\n<p>ISMER-UQAR was officially created on 1 March 1999, with the primary mission being the discovery and advancement of fundamental and applied knowledge of coastal environments to assess the impact of human activity on resources and develop the scientific and technical tools essential for the sound management of our coastal heritage.<\/p>\n<\/div>\n<\/div><\/div><\/section>\n","protected":false},"excerpt":{"rendered":"<p>As the foremost French-language academic research institute of marine sciences in North America, ISMER-UQAR comprises a critical mass of researchers and students from diverse disciplinary backgrounds. These specialists are dedicated to discovering and advancing knowledge concerning marine and coastal environments within a perspective of sustainable development. Affiliated with the Universit\u00e9 du Qu\u00e9bec \u00e0 Rimouski (UQAR), [&hellip;]<\/p>\n","protected":false},"author":123,"featured_media":0,"parent":63061,"menu_order":0,"comment_status":"closed","ping_status":"closed","template":"t-microsite.php","meta":{"_acf_changed":false,"_relevanssi_hide_post":"","_relevanssi_hide_content":"","_relevanssi_pin_for_all":"","_relevanssi_pin_keywords":"","_relevanssi_unpin_keywords":"","_relevanssi_related_keywords":"","_relevanssi_related_include_ids":"","_relevanssi_related_exclude_ids":"","_relevanssi_related_no_append":"","_relevanssi_related_not_related":"","_relevanssi_related_posts":"5501,4672,9255,3725,3739,3266","_relevanssi_noindex_reason":"","footnotes":""},"class_list":["post-61777","page","type-page","status-publish","hentry"],"acf":[],"_links":{"self":[{"href":"https:\/\/www.uqar.ca\/en\/wp-json\/wp\/v2\/pages\/61777","targetHints":{"allow":["GET"]}}],"collection":[{"href":"https:\/\/www.uqar.ca\/en\/wp-json\/wp\/v2\/pages"}],"about":[{"href":"https:\/\/www.uqar.ca\/en\/wp-json\/wp\/v2\/types\/page"}],"author":[{"embeddable":true,"href":"https:\/\/www.uqar.ca\/en\/wp-json\/wp\/v2\/users\/123"}],"replies":[{"embeddable":true,"href":"https:\/\/www.uqar.ca\/en\/wp-json\/wp\/v2\/comments?post=61777"}],"version-history":[{"count":3,"href":"https:\/\/www.uqar.ca\/en\/wp-json\/wp\/v2\/pages\/61777\/revisions"}],"predecessor-version":[{"id":63801,"href":"https:\/\/www.uqar.ca\/en\/wp-json\/wp\/v2\/pages\/61777\/revisions\/63801"}],"up":[{"embeddable":true,"href":"https:\/\/www.uqar.ca\/en\/wp-json\/wp\/v2\/pages\/63061"}],"wp:attachment":[{"href":"https:\/\/www.uqar.ca\/en\/wp-json\/wp\/v2\/media?parent=61777"}],"curies":[{"name":"wp","href":"https:\/\/api.w.org\/{rel}","templated":true}]}}