{"id":63940,"date":"2024-05-09T09:36:35","date_gmt":"2024-05-09T13:36:35","guid":{"rendered":"https:\/\/www.uqar.ca\/?page_id=63940"},"modified":"2026-03-25T08:53:00","modified_gmt":"2026-03-25T12:53:00","slug":"masters-and-phd-projects","status":"publish","type":"page","link":"https:\/\/www.uqar.ca\/en\/the-institut-des-sciences-de-la-mer-of-the-universite-du-quebec-a-rimouski-ismer-uqar\/opportunities\/masters-and-phd-projects\/","title":{"rendered":"Master&#8217;s and PhD Projects"},"content":{"rendered":"\n<section class=\"wp-block-stereo-section-bloc has-u-theme-2-background-color has-background section-block-small\"><div class=\"wp-block-stereo-section__container\"><div class=\"wp-block-stereo-section__col is-layout-flow wp-block-stereo-section-bloc-is-layout-flow\">\n            <section class=\"o-section-slider o-section-overflow-hidden o-section-mg-right\">\n                        <div class=\"c-slider__wrapper  \">\n                <!-- Slider main container -->\n                <div class=\"swiper c-slider  \" data-module=\"Slider\" data-type=\"ratio\">\n                    <!-- Additional required wrapper -->\n                    <div class=\"swiper-wrapper\">\n                        <!-- Slides -->\n                                                                                                                        <div class=\"swiper-slide\">\n    <span class=\"o-responsive-img__wrap\">\n        <span class=\"o-responsive-img  -image-rounded\" style=\"padding-top:33.333333333333%;\"><img fetchpriority=\"high\" decoding=\"async\" width=\"1140\" height=\"380\" src=\"https:\/\/www.uqar.ca\/app\/uploads\/2024\/05\/02-projets-maitrise.jpeg\" class=\"-image-rounded\" alt=\"\" loading=\"eager\" sizes=\"(max-width: 600px) 100vw, 83.33vw\" srcset=\"https:\/\/www.uqar.ca\/app\/uploads\/2024\/05\/02-projets-maitrise.jpeg 1140w, https:\/\/www.uqar.ca\/app\/uploads\/2024\/05\/02-projets-maitrise-1024x341.jpeg 1024w, https:\/\/www.uqar.ca\/app\/uploads\/2024\/05\/02-projets-maitrise-500x167.jpeg 500w, https:\/\/www.uqar.ca\/app\/uploads\/2024\/05\/02-projets-maitrise-768x256.jpeg 768w\" \/><\/span>                    <\/span>\n        <\/div>                                                                                                                                <div class=\"swiper-slide\">\n    <span class=\"o-responsive-img__wrap\">\n        <span class=\"o-responsive-img  -image-rounded\" style=\"padding-top:33.333333333333%;\"><img decoding=\"async\" width=\"1140\" height=\"380\" src=\"https:\/\/www.uqar.ca\/app\/uploads\/2024\/05\/01-projets-maitrise.jpeg\" class=\"-image-rounded\" alt=\"\" loading=\"eager\" sizes=\"(max-width: 600px) 100vw, 83.33vw\" srcset=\"https:\/\/www.uqar.ca\/app\/uploads\/2024\/05\/01-projets-maitrise.jpeg 1140w, https:\/\/www.uqar.ca\/app\/uploads\/2024\/05\/01-projets-maitrise-1024x341.jpeg 1024w, https:\/\/www.uqar.ca\/app\/uploads\/2024\/05\/01-projets-maitrise-500x167.jpeg 500w, https:\/\/www.uqar.ca\/app\/uploads\/2024\/05\/01-projets-maitrise-768x256.jpeg 768w\" \/><\/span>                    <\/span>\n        <\/div>                                                                                                                                <div class=\"swiper-slide\">\n    <span class=\"o-responsive-img__wrap\">\n        <span class=\"o-responsive-img  -image-rounded\" style=\"padding-top:33.333333333333%;\"><img decoding=\"async\" width=\"1140\" height=\"380\" src=\"https:\/\/www.uqar.ca\/app\/uploads\/2024\/05\/03-projets-maitrise.jpeg\" class=\"-image-rounded\" alt=\"\" loading=\"eager\" sizes=\"(max-width: 600px) 100vw, 83.33vw\" srcset=\"https:\/\/www.uqar.ca\/app\/uploads\/2024\/05\/03-projets-maitrise.jpeg 1140w, https:\/\/www.uqar.ca\/app\/uploads\/2024\/05\/03-projets-maitrise-1024x341.jpeg 1024w, https:\/\/www.uqar.ca\/app\/uploads\/2024\/05\/03-projets-maitrise-500x167.jpeg 500w, https:\/\/www.uqar.ca\/app\/uploads\/2024\/05\/03-projets-maitrise-768x256.jpeg 768w\" \/><\/span>                    <\/span>\n        <\/div>                                                                                                        <\/div>\n\n                    <!-- If we need navigation buttons -->\n                    <div class=\"swiper-button-prev\">\n                        \t<svg aria-hidden=\"true\" focusable=\"false\" class=\"o-ico \">\n\t\t<use xlink:href=\"https:\/\/www.uqar.ca\/app\/themes\/baserock\/assets\/img\/sprite.svg?v=db146dbaabe48619be#arrow-left\"><\/use>\n\t<\/svg>\n\t                    <\/div>\n                    <div class=\"swiper-button-next\">\n                        \t<svg aria-hidden=\"true\" focusable=\"false\" class=\"o-ico \">\n\t\t<use xlink:href=\"https:\/\/www.uqar.ca\/app\/themes\/baserock\/assets\/img\/sprite.svg?v=db146dbaabe48619be#arrow-right\"><\/use>\n\t<\/svg>\n\t                    <\/div>\n                <\/div>\n            <\/div>\n                    <\/section>\n    \n\n\n<div class=\"wp-block-group is-layout-constrained wp-block-group-is-layout-constrained\">\n<h4 class=\"wp-block-heading\">The list of projects on this page is not exhaustive. Prospective students are encouraged to contact professors directly to explore supervision and funding opportunities.<\/h4>\n<\/div>\n<\/div><\/div><\/section>\n\n\n\n<section class=\"wp-block-stereo-section-bloc has-u-theme-3-color has-u-theme-2-background-color has-text-color has-background has-link-color section-block-small wp-elements-6abf42bad984f179fbb163b48084e414\"><div class=\"wp-block-stereo-section__container\"><div class=\"wp-block-stereo-section__col is-layout-flow wp-block-stereo-section-bloc-is-layout-flow\">\n<div class=\"wp-block-create-block-accordion-block\"><div class=\"c-accordion\" data-module=\"Accordion\" data-accordion-toggle=\"true\" data-accordion-scroll=\"true\" data-accordion-preopen=\"-1\">\n<div class=\"c-accordion__section\" data-accordion=\"wrap\"><button type=\"button\" aria-label=\"Ouvrir Master's Projects in Oceanography\" class=\"c-accordion__header\" data-accordion=\"trigger\"><span class=\"c-accordion__header__title\" id=\"masters-projects-in-oceanography\"><span class=\"c-accordion__button\">Master&#8217;s Projects in Oceanography<span class=\"c-accordion__header__icon\"><span class=\"o-button__icon\"><svg aria-hidden=\"true\" focusable=\"false\" class=\"o-ico -icon-arrow-down\"><use xlink:href=\"\/app\/themes\/baserock\/assets\/img\/sprite.svg?v=db146dbaabe48619be#arrow-down\"><\/use><\/svg><\/span><\/span><\/span><\/span><\/button><div class=\"c-accordion__content\" role=\"region\" data-accordion=\"content\"><div class=\"c-accordion__inner\">\n<h4 class=\"wp-block-heading\">Marine Geology<\/h4>\n\n\n\n<ul class=\"wp-block-list\">\n<li><a href=\"https:\/\/www.uqar.ca\/app\/uploads\/2025\/02\/Annonce_MSc_Batillage.pdf\" target=\"_blank\" rel=\"noreferrer noopener\">\u00c9rosion des berges du Saint-Laurent par les vagues de batillage<\/a>&nbsp;(Professeur:&nbsp;<a href=\"https:\/\/www.uqar.ca\/professeurs\/neumeier-urs\/\">Urs Neumeier<\/a>)<\/li>\n<\/ul>\n\n\n\n<h4 class=\"wp-block-heading\">Biological oceanography<\/h4>\n\n\n\n<ul class=\"wp-block-list\">\n<li><a href=\"https:\/\/www.uqar.ca\/app\/uploads\/2025\/10\/offres_projets_maitrise_ou_doctorat_A25_phytoplancton.pdf\">D\u00e9veloppement de bioproc\u00e9d\u00e9s avec les microalgues (phytoplancton)<\/a> Professor : <a href=\"https:\/\/www.uqar.ca\/professeurs\/deschenes-jean-sebastien\/\" data-type=\"personnes\" data-id=\"18669\">Jean-S\u00e9bastien Desch\u00eanes<\/a>)<\/li>\n\n\n\n<li><a href=\"https:\/\/www.uqar.ca\/app\/uploads\/2025\/07\/Master_offer_ISMER-UQAR_EN.pdf\">Modeling zooplankton\u2013ice algae interactions and their effects on Arctic pelagic productivity<\/a> (Professor :&nbsp;<a href=\"https:\/\/www.uqar.ca\/professeurs\/benkort-deborah\/\">D\u00e9borah Benkort<\/a>)<\/li>\n\n\n\n<li><a href=\"https:\/\/www.uqar.ca\/app\/uploads\/2025\/07\/Offre-projet-de-maitrise-en-oceanographie-Homardiag-2025.pdf\"><\/a><a href=\"https:\/\/emploisfp-psjobs.cfp-psc.gc.ca\/psrs-srfp\/applicant\/page1800?poster=2302403&amp;toggleLanguage=fr\">HOMARDIAG 2.0 : D\u00e9veloppement d\u2019outils pour \u00e9valuer l\u2019\u00e9tat de sant\u00e9 du homard am\u00e9ricain (Homarus americanus) et sa r\u00e9silience aux changements climatiques selon les param\u00e8tres environnementaux. <\/a>(Professor :\u00a0<a href=\"https:\/\/www.uqar.ca\/professeurs\/st-louis-richard\/\">Richard St-Louis<\/a>)<\/li>\n\n\n\n<li><a href=\"https:\/\/www.uqar.ca\/app\/uploads\/2026\/02\/offre_maitrise_alimentation_homard.pdf\">R\u00e9gime alimentaire et r\u00f4le trophique du homard dans l\u2019Estuaire maritime du Saint-Laurent<\/a> (Professeur :\u00a0<a href=\"https:\/\/www.uqar.ca\/professeurs\/robert-dominique\/\">Dominique Robert<\/a>)<\/li>\n<\/ul>\n\n\n\n<h4 class=\"wp-block-heading\">Physical Oceanography<\/h4>\n\n\n\n<ul class=\"wp-block-list\">\n<li><a href=\"https:\/\/www.uqar.ca\/app\/uploads\/2025\/01\/projet_maitrise_physique_2025_cedric_chavanne.pdf\">\u00c9valuation de la performance des radars hautes-fr\u00e9quences pour la pr\u00e9diction des trajectoires de bou\u00e9es d\u00e9rivantes dans un environnement c\u00f4tier dynamique : le courant de Gasp\u00e9<\/a> (Professor :&nbsp;<a href=\"https:\/\/www.uqar.ca\/professeurs\/chavanne-cedric\/\">C\u00e9dric Chavanne<\/a>)<\/li>\n\n\n\n<li><a href=\"https:\/\/emploisfp-psjobs.cfp-psc.gc.ca\/psrs-srfp\/applicant\/page1800?poster=2302403&amp;toggleLanguage=en\" target=\"_blank\" rel=\"noreferrer noopener\">Specialist in Marine Ecophysiology (MSc student) \u2013 Research Affiliate Program &#8211; Research Affiliate Program<\/a>&nbsp;(Professor :&nbsp;<a href=\"https:\/\/www.uqar.ca\/professeurs\/deslauriers-david\/\">David Deslauriers<\/a>)<\/li>\n<\/ul>\n<\/div><\/div><\/div>\n\n\n\n<div class=\"c-accordion__section\" data-accordion=\"wrap\"><button type=\"button\" aria-label=\"Ouvrir PhD Projects in Oceanography\" class=\"c-accordion__header\" data-accordion=\"trigger\"><span class=\"c-accordion__header__title\" id=\"phd-projects-in-oceanography\"><span class=\"c-accordion__button\">PhD Projects in Oceanography<span class=\"c-accordion__header__icon\"><span class=\"o-button__icon\"><svg aria-hidden=\"true\" focusable=\"false\" class=\"o-ico -icon-arrow-down\"><use xlink:href=\"\/app\/themes\/baserock\/assets\/img\/sprite.svg?v=db146dbaabe48619be#arrow-down\"><\/use><\/svg><\/span><\/span><\/span><\/span><\/button><div class=\"c-accordion__content\" role=\"region\" data-accordion=\"content\"><div class=\"c-accordion__inner\">\n<h4 class=\"wp-block-heading\">Biological oceanography<\/h4>\n\n\n\n<ul class=\"wp-block-list\">\n<li><a href=\"https:\/\/www.uqar.ca\/app\/uploads\/2025\/10\/offres_projets_maitrise_ou_doctorat_A25_phytoplancton.pdf\">D\u00e9veloppement de bioproc\u00e9d\u00e9s avec les microalgues (phytoplancton)<\/a> (Professor : <a href=\"https:\/\/www.uqar.ca\/professeurs\/deschenes-jean-sebastien\/\" data-type=\"personnes\" data-id=\"18669\">Jean-S\u00e9bastien Desch\u00eanes<\/a>)<\/li>\n\n\n\n<li><a href=\"https:\/\/www.uqar.ca\/app\/uploads\/2025\/02\/theese_hareng_ismer-log.pdf\">Mod\u00e9lisation de la dispersion des larves de hareng Atlantique dans le contexte de changement global : approche int\u00e9grative des processus biologiques et physiologiques larvaires.<\/a> (Professors :&nbsp;<a href=\"mailto:rachid.amara@univ-littoral.fr\">Rachid Amara<\/a>, <a href=\"mailto:jeremy.denis@univ-littoral.fr\">J\u00e9r\u00e9my Denis<\/a> et <a href=\"https:\/\/www.uqar.ca\/professeurs\/robert-dominique\/\" target=\"_blank\" rel=\"noreferrer noopener\">Dominique Robert<\/a>)<\/li>\n<\/ul>\n\n\n\n<h4 class=\"wp-block-heading\">Chemical Oceanography<\/h4>\n\n\n\n<h4 class=\"wp-block-heading\">Physical Oceanography<\/h4>\n\n\n\n<h4 class=\"wp-block-heading\">Coastal geomorphology<\/h4>\n\n\n\n<ul class=\"wp-block-list\">\n<li><a href=\"https:\/\/www.uqar.ca\/app\/uploads\/2025\/01\/Appel_Candidatures_Doctorat_Anticosti_UQAR.pdf\">Effets des temp\u00eates sur les \u00e9cosyst\u00e8mes c\u00f4tiers et les infrastructures c\u00f4ti\u00e8res de l\u2019\u00eele d\u2019Anticosti<\/a> (Professors : <a href=\"https:\/\/www.uqar.ca\/professeurs\/bernatchez-pascal\/\">Pascal Bernatchez<\/a> et <a href=\"https:\/\/www.uqar.ca\/professeurs\/nozais-christian\/\">Christian Nozais<\/a>)<\/li>\n<\/ul>\n\n\n\n<h4 class=\"wp-block-heading\">Marine Geology<\/h4>\n<\/div><\/div><\/div>\n\n\n\n<div class=\"c-accordion__section\" data-accordion=\"wrap\"><button type=\"button\" aria-label=\"Ouvrir Admission\" class=\"c-accordion__header\" data-accordion=\"trigger\"><span class=\"c-accordion__header__title\" id=\"admission\"><span class=\"c-accordion__button\">Admission<span class=\"c-accordion__header__icon\"><span class=\"o-button__icon\"><svg aria-hidden=\"true\" focusable=\"false\" class=\"o-ico -icon-arrow-down\"><use xlink:href=\"\/app\/themes\/baserock\/assets\/img\/sprite.svg?v=db146dbaabe48619be#arrow-down\"><\/use><\/svg><\/span><\/span><\/span><\/span><\/button><div class=\"c-accordion__content\" role=\"region\" data-accordion=\"content\"><div class=\"c-accordion__inner\">\n<ul class=\"wp-block-list\">\n<li><a href=\"https:\/\/www.uqar.ca\/programmes-formations-et-admission\/admission\/etudiant-es-canadien-nes\/programmes-d-etudes-canadiens\/\" target=\"_blank\" rel=\"noreferrer noopener\">Admission to a Graduate Program for Canadian Students<\/a><\/li>\n\n\n\n<li><a href=\"https:\/\/www.uqar.ca\/programmes-formations-et-admission\/admission\/etudiant-es-etrangers\/admission-pour-etudiants-internationaux\/\" target=\"_blank\" rel=\"noreferrer noopener\">Admission to a Graduate Program for International Students<\/a><\/li>\n<\/ul>\n<\/div><\/div><\/div>\n<\/div><\/div>\n<\/div><\/div><\/section>\n","protected":false},"excerpt":{"rendered":"<p>The list of projects on this page is not exhaustive. Prospective students are encouraged to contact professors directly to explore supervision and funding opportunities.<\/p>\n","protected":false},"author":123,"featured_media":0,"parent":63937,"menu_order":0,"comment_status":"closed","ping_status":"closed","template":"t-microsite.php","meta":{"_acf_changed":false,"_relevanssi_hide_post":"","_relevanssi_hide_content":"","_relevanssi_pin_for_all":"","_relevanssi_pin_keywords":"","_relevanssi_unpin_keywords":"","_relevanssi_related_keywords":"","_relevanssi_related_include_ids":"","_relevanssi_related_exclude_ids":"","_relevanssi_related_no_append":"","_relevanssi_related_not_related":"","_relevanssi_related_posts":"3190,4672,5068,5237,5501,5534","_relevanssi_noindex_reason":"","footnotes":""},"class_list":["post-63940","page","type-page","status-publish","hentry"],"acf":[],"_links":{"self":[{"href":"https:\/\/www.uqar.ca\/en\/wp-json\/wp\/v2\/pages\/63940","targetHints":{"allow":["GET"]}}],"collection":[{"href":"https:\/\/www.uqar.ca\/en\/wp-json\/wp\/v2\/pages"}],"about":[{"href":"https:\/\/www.uqar.ca\/en\/wp-json\/wp\/v2\/types\/page"}],"author":[{"embeddable":true,"href":"https:\/\/www.uqar.ca\/en\/wp-json\/wp\/v2\/users\/123"}],"replies":[{"embeddable":true,"href":"https:\/\/www.uqar.ca\/en\/wp-json\/wp\/v2\/comments?post=63940"}],"version-history":[{"count":39,"href":"https:\/\/www.uqar.ca\/en\/wp-json\/wp\/v2\/pages\/63940\/revisions"}],"predecessor-version":[{"id":83958,"href":"https:\/\/www.uqar.ca\/en\/wp-json\/wp\/v2\/pages\/63940\/revisions\/83958"}],"up":[{"embeddable":true,"href":"https:\/\/www.uqar.ca\/en\/wp-json\/wp\/v2\/pages\/63937"}],"wp:attachment":[{"href":"https:\/\/www.uqar.ca\/en\/wp-json\/wp\/v2\/media?parent=63940"}],"curies":[{"name":"wp","href":"https:\/\/api.w.org\/{rel}","templated":true}]}}